{"id":3962,"date":"2023-05-30T22:04:40","date_gmt":"2023-05-30T20:04:40","guid":{"rendered":"https:\/\/www.elettricon.com\/?page_id=3962"},"modified":"2025-03-18T15:25:09","modified_gmt":"2025-03-18T14:25:09","slug":"impianti-elettrici","status":"publish","type":"page","link":"https:\/\/elettricon.com\/index.php\/impianti-elettrici\/","title":{"rendered":"Impianti elettrici"},"content":{"rendered":"\t\t<div data-elementor-type=\"wp-page\" data-elementor-id=\"3962\" class=\"elementor elementor-3962\">\n\t\t\t\t\t\t<section class=\"elementor-section elementor-top-section elementor-element elementor-element-8fd9ba1 elementor-section-boxed elementor-section-height-default elementor-section-height-default\" data-id=\"8fd9ba1\" data-element_type=\"section\" data-e-type=\"section\">\n\t\t\t\t\t\t<div class=\"elementor-container elementor-column-gap-default\">\n\t\t\t\t\t<div class=\"elementor-column elementor-col-33 elementor-top-column elementor-element elementor-element-9a27f22\" data-id=\"9a27f22\" data-element_type=\"column\" data-e-type=\"column\">\n\t\t\t<div class=\"elementor-widget-wrap elementor-element-populated\">\n\t\t\t\t\t\t<div class=\"elementor-element elementor-element-ed4dc47 elementor-widget elementor-widget-easton_wi_catagory\" data-id=\"ed4dc47\" data-element_type=\"widget\" data-e-type=\"widget\" data-widget_type=\"easton_wi_catagory.default\">\n\t\t\t\t<div class=\"elementor-widget-container\">\n\t\t\t\t\t\t\t\n        <section class=\"service-details p_relative one\">\n            <div class=\"auto-container\">\n                <div class=\"row clearfix\">\n                    <div class=\"col-lg-12 col-md-12 col-sm-12 sidebar-side\">\n                        <div class=\"service-sidebar mr_50\">\n                            <ul class=\"accordion-box\">\n                                <li class=\"accordion block active-block\">\n\t\t\t\t\t\t\t\t\t                                    <div class=\"acc-btn active\">\n                                        <div class=\"icon-outer\"><\/div>\n                                        <h5>I Nostri Servizi<\/h5>\n                                    <\/div>\n\t\t\t\t\t\t\t\t\t                                    <div class=\"acc-content current\">\n                                        <ul class=\"service-list clearfix\">\n\t\t\t\t\t\t\t\t\t\t\n\t\t\t\t\t\t\t\t\t\t\t\t\t\t\t\t\t\t\t\t\t\t\t\t\t\t\t\t\t\t\t\t\t<li class=\"active\"><a href=\"https:\/\/www.elettricon.com\/index.php\/impianti-elettrici\/\">Impianti Elettrici<\/a><\/li>\n\t\t\t\t\t\t\t\t\t\t\t\n\t\t\t\t\t\t\t\t\t\t\t\t\t\t\t\t\t\t\t\t\t\t\t\t\t\t\t\t\t\t\t\t\t\t\t\t\t\t\t\t\t\t\t\t<li class=\"active\"><a href=\"https:\/\/www.elettricon.com\/index.php\/installazioni-elettriche\/\">Installazioni Elettriche<\/a><\/li>\n\t\t\t\t\t\t\t\t\t\t\t\n\t\t\t\t\t\t\t\t\t\t\t\t\t\t\t\t\t\t\t\t\t\t\t\t\t\t\t\t\t\t\t\t\t\t\t\t\t\t\t\t\t\t\t\t<li class=\"active\"><a href=\"https:\/\/www.elettricon.com\/index.php\/sistemi-antifurto\/\">Sistemi Antifurto<\/a><\/li>\n\t\t\t\t\t\t\t\t\t\t\t\n\t\t\t\t\t\t\t\t\t\t\t\t\t\t\t\t\t\t\t\t\t\t\t\t\t\t\t\t\t\t\t\t\t\t\t\t\t\t\t\t\t\t\t\t<li class=\"active\"><a href=\"https:\/\/www.elettricon.com\/index.php\/videosorveglianza-2\/\">Videosorveglianza<\/a><\/li>\n\t\t\t\t\t\t\t\t\t\t\t\n\t\t\t\t\t\t\t\t\t\t\t\t\t\t\t\t\t\t\t\t\t\t\t\t\t\t\t\t\t\t\t\t\t\t\t\t\t\t\t\t\t\t\t\t<li class=\"active\"><a href=\"https:\/\/www.elettricon.com\/index.php\/citofoni-e-videocitofoni-2\/\">Citofoni e Videocitofoni<\/a><\/li>\n\t\t\t\t\t\t\t\t\t\t\t\n\t\t\t\t\t\t\t\t\t\t\t\t\t\t\t\t\t\t\t\t\t\t\t\t\t\t\t\t\t\t\t\t\t\t\t\t\t\t\t\t\t\t\t\t<li class=\"active\"><a href=\"https:\/\/www.elettricon.com\/index.php\/automazione-cancelli\/\">automazioni per cancelli<\/a><\/li>\n\t\t\t\t\t\t\t\t\t\t\t\n\t\t\t\t\t\t\t\t\t\t\t\t\t\t\t\t\t\t\t\t\t\t\t\t\t\t\t\t\t\t\t\t\t\t\t\t\t\t\t\t\t\t\t\t<li class=\"active\"><a href=\"https:\/\/www.elettricon.com\/index.php\/automazione-tapparelle-smart-e-garage\/\">Automazione Tapparelle Smart e Garage<\/a><\/li>\n\t\t\t\t\t\t\t\t\t\t\t\n\t\t\t\t\t\t\t\t\t\t\t\t\t\t\t\t\t\t\t\t\t\t\t\t\t\t\t\t\t\t\t\t\t\t\t\t\t\t\t\t\t\t\t\t<li class=\"active\"><a href=\"https:\/\/www.elettricon.com\/index.php\/installazione-pannelli-fotovoltaici\/\">Pannelli Fotovoltaici<\/a><\/li>\n\t\t\t\t\t\t\t\t\t\t\t\n\t\t\t\t\t\t\t\t\t\t\t\t\t\t\t\t\t\t\t\t\t\t\t\t\t\t\t\t\t\t\t\t\t\t\t\t\t\t\t\t\t\t\t\t<li class=\"active\"><a href=\"https:\/\/www.elettricon.com\/index.php\/installazione-lampadari-e-faretti\/\">Installazione Lampadari e faretti<\/a><\/li>\n\t\t\t\t\t\t\t\t\t\t\t\n\t\t\t\t\t\t\t\t\t\t\t\t\t\t\t\t\t\t\t\t\t\t\t\t\t\t\t\t\t\t\t\t\t\t\t\t\t\t\t\t\t\t\t\t<li class=\"active\"><a href=\"https:\/\/www.elettricon.com\/index.php\/antenne-e-parabole\/\">Antenne e Parabole<\/a><\/li>\n\t\t\t\t\t\t\t\t\t\t\t\n\t\t\t\t\t\t\t\t\t\t\t\t\t\t\t\t\t\t\t\t\t\t\t\t\t\t\t\t\t\t\t\t\t\n                                        <\/ul>\n                                    <\/div>\n                                <\/li>\n                            <\/ul>\n                        <\/div>\n                    <\/div>\n                <\/div>\n            <\/div>\n        <\/section>\n\t\t\n\t\t\t\t\t\t<\/div>\n\t\t\t\t<\/div>\n\t\t\t\t\t<\/div>\n\t\t<\/div>\n\t\t\t\t<div class=\"elementor-column elementor-col-66 elementor-top-column elementor-element elementor-element-4731a98\" data-id=\"4731a98\" data-element_type=\"column\" data-e-type=\"column\">\n\t\t\t<div class=\"elementor-widget-wrap elementor-element-populated\">\n\t\t\t\t\t\t<div class=\"elementor-element elementor-element-5bbb27e elementor-widget elementor-widget-easton_service_details\" data-id=\"5bbb27e\" data-element_type=\"widget\" data-e-type=\"widget\" data-widget_type=\"easton_service_details.default\">\n\t\t\t\t<div class=\"elementor-widget-container\">\n\t\t\t\t\t\t\t\n        <section class=\"service-details p_relative two\">\n            <div class=\"auto-container\">\n                <div class=\"row clearfix\">\n                    <div class=\"col-lg-12 col-md-12 col-sm-12 content-side\">\n                        <div class=\"service-details-content\">\n                            <div class=\"content-one p_relative d_block\">\n                                <figure class=\"image-box\">\n\t\t\t\t\t\t\t\t\t   \n\t\t\t\t\t\t\t\t\t<img decoding=\"async\" src=\"https:\/\/elettricon.com\/wp-content\/uploads\/2023\/05\/installazioni-elettriche-1.jpg\" alt=\"\"\/>\n\t\t\t\t\t\t\t\t\t\t\t\t\t\t\t\t\t<\/figure>\n                                <div class=\"text\">\n                                    <h3>Installazione di Nuovi Impianti Elettrici a Palermo ed in Sicilia: Efficienza e Sicurezza per la Tua Propriet\u00e0<\/h3>\n                                    <p><p>Benvenuti nella nostra sezione dedicata al servizio di installazione di nuovi impianti elettrici. Siamo un'azienda specializzata nell'offrire soluzioni elettriche su misura per la tua propriet\u00e0, garantendo efficienza energetica e sicurezza. In questo articolo, esploreremo i vantaggi di scegliere il nostro servizio di installazione di nuovi impianti elettrici a Palermo ed in Sicilia, sia su nuove tubazioni che su quelle esistenti, e come possiamo aiutarti a creare un sistema elettrico affidabile e all'avanguardia.<\/p>\n<p><em><strong>Installazione di nuovi impianti elettrici a Palermo ed in sicilia:<\/strong> <\/em>L'installazione di nuovi impianti elettrici \u00e8 fondamentale per garantire un'efficienza energetica ottimale e una distribuzione sicura dell'elettricit\u00e0 nella tua propriet\u00e0. Che tu stia costruendo una nuova casa o che desideri rinnovare gli impianti esistenti, il nostro servizio di installazione si adatta alle tue esigenze specifiche.<\/p>\n<blockquote>\n<p style=\"text-align: center;\"><em><strong>Vantaggi dell'installazione di nuovi impianti elettrici:<\/strong><\/em><\/p>\n<p><em><strong>- Efficienza energetica:<\/strong><\/em> Gli impianti elettrici moderni sono progettati per massimizzare l'efficienza energetica, riducendo gli sprechi e consentendo un utilizzo ottimale dell'elettricit\u00e0. L'installazione di nuovi impianti ti permette di beneficiare di tecnologie all'avanguardia, come l'uso di apparecchiature a basso consumo energetico e la suddivisione degli impianti in circuiti separati, per ottimizzare il consumo energetico nella tua propriet\u00e0.<\/p>\n<p><strong><em>-&nbsp; Sicurezza migliorata:<\/em> <\/strong>Gli impianti elettrici obsoleti o malfunzionanti possono rappresentare un rischio per la sicurezza della tua casa o azienda. L'installazione di nuovi impianti elettrici garantisce un sistema elettrico sicuro e affidabile, riducendo il rischio di incendi o guasti elettrici. I nostri tecnici qualificati seguiranno le norme di sicurezza e utilizzeranno materiali e componenti di alta qualit\u00e0 per garantire la massima sicurezza.<\/p>\n<p><strong><em>- Personalizzazione e scalabilit\u00e0:<\/em><\/strong> I nuovi impianti elettrici possono essere progettati e personalizzati in base alle tue esigenze specifiche. Che tu abbia bisogno di un sistema per una casa residenziale, un'azienda o un edificio commerciale, il nostro team ti fornir\u00e0 una soluzione su misura. Inoltre, i nuovi impianti sono facilmente scalabili, consentendoti di aggiungere o modificare circuiti in base alle tue esigenze future.<\/p>\n<\/blockquote><\/p>\n                                    <p><\/p>\n                                <\/div>\n                                <div class=\"row clearfix\">\n                                    <div class=\"col-lg-6 col-md-6 col-sm-12 list-column\">\n                                        <ul class=\"list-style-one clearfix\">\n\t\t\t\t\t\t\t\t\t\t\n\t\t\t\t\t\t\t\t\t\t\t\t\t\t\t\t\t\t\t\t\t\n                                            <li><p><strong><em><a href=\"https:\/\/www.elettricon.com\/index.php\/limportanza-di-chiamare-una-ditta-elettrica-professionista-durante-la-ristrutturazione-al-posto-di-far-fare-tutto-alla-ditta-edile-2\/\">Prima di affidarti a una ditta edile, prendi la decisione intelligente: chiama l'elettricista esperto<\/a> .\n<\/li>\n\t\t\t\t\t\t\t\t\t\t\t\n\t\t\t\t\t\t\t\t\t\t\t\t\t\t\t\t\t\t\t\t\t\t\n                                        <\/ul>\n                                    <\/div>\n                                    <div class=\"col-lg-6 col-md-6 col-sm-12 list-column\">\n                                        <ul class=\"list-style-one clearfix\">\n\t\t\t\t\t\t\t\t\t\t\n\t\t\t\t\t\t\t\t\t\t\t\t\t\t\t\t\t\t\t\t\t\n                                            <li><strong><a href=\"https:\/\/www.elettricon.com\/index.php\/preventivo-online\/\">Preventivi gratuiti<\/a> .<\/strong><\/li>\n\t\t\t\t\t\t\t\t\t\t\t\n\t\t\t\t\t\t\t\t\t\t\t\t\t\t\t\t\t\t\t\t\t\t\n                                        <\/ul>\n                                    <\/div>\n                                <\/div>\n                            <\/div>\n                            <div class=\"content-two p_relative d_block\">\n                                <div class=\"row clearfix\">\n                                    <div class=\"col-lg-6 col-md-6 col-sm-12 image-column\">\n                                        <figure class=\"image-box\">\n\t\t\t\t\t\t\t\t\t\t\t   \n\t\t\t\t\t\t\t\t\t\t\t<img decoding=\"async\" src=\"https:\/\/elettricon.com\/wp-content\/uploads\/2023\/06\/Quadro-elettrico.jpg\" alt=\"Impianti elettrici a Palermo ed In Sicilia\"\/>\n\t\t\t\t\t\t\t\t\t\t\t\t\t\t\t\t\t\t\t\t\t<\/figure>\n                                    <\/div>\n                                    <div class=\"col-lg-6 col-md-6 col-sm-12 image-column\">\n                                        <figure class=\"image-box\">\n\t\t\t\t\t\t\t\t\t\t\t   \n\t\t\t\t\t\t\t\t\t\t\t<img decoding=\"async\" src=\"https:\/\/elettricon.com\/wp-content\/uploads\/2022\/09\/power-service1.jpg\" alt=\"Impianti elettrici a Palermo ed In Sicilia\"\/>\n\t\t\t\t\t\t\t\t\t\t\t\t\t\t\t\t\t\t\t\t\t<\/figure>\n                                    <\/div>\n                                <\/div>\n                            <\/div>\n                        <\/div>\n                    <\/div>\n                <\/div>\n            <\/div>\n        <\/section>\n             \n\t\t\t\t\t\t<\/div>\n\t\t\t\t<\/div>\n\t\t\t\t<div class=\"elementor-element elementor-element-3ad883b elementor-widget__width-initial elementor-widget elementor-widget-easton_service_details2\" data-id=\"3ad883b\" data-element_type=\"widget\" data-e-type=\"widget\" data-widget_type=\"easton_service_details2.default\">\n\t\t\t\t<div class=\"elementor-widget-container\">\n\t\t\t\t\t\t\t\n        <section class=\"service-details p_relative three\">\n            <div class=\"auto-container\">\n                <div class=\"row clearfix\">\n                    <div class=\"col-lg-12 col-md-12 col-sm-12 content-side\">\n                        <div class=\"service-details-content\">\n                            <div class=\"content-three\">\n                                <h3><\/h3>\n                                <p><p><em><strong>Installazione su nuove tubazioni e su tubazioni esistenti:<\/strong> <\/em>La nostra ditta elettrica \u00e8 in grado di gestire sia l'installazione di nuovi impianti su nuove tubazioni sia l'adattamento e l'ampliamento di impianti elettrici esistenti. Se stai costruendo una nuova propriet\u00e0, lavoriamo in sinergia con i tuoi architetti e costruttori per garantire una corretta installazione degli impianti elettrici su nuove tubazioni. Se invece desideri aggiornare o ampliare gli impianti elettrici esistenti, i nostri tecnici effettueranno una valutazione dettagliata delle tubazioni attuali e ti forniranno soluzioni adatte per migliorare l'efficienza e la sicurezza del sistema.<\/p>\n<p><em><strong>Manutenzione e assistenza:<\/strong><\/em> Oltre all'installazione, offriamo anche servizi di manutenzione e assistenza per i tuoi impianti elettrici. Il nostro team di tecnici esperti pu\u00f2 eseguire controlli periodici, individuare eventuali problemi e guasti, e fornire interventi di manutenzione preventiva o correttiva. In questo modo, garantiamo che il tuo sistema elettrico funzioni in modo ottimale nel tempo.<\/p>\n<blockquote>\n<p>L'installazione di nuovi impianti elettrici rappresenta un investimento importante per migliorare l'efficienza energetica e la sicurezza della tua propriet\u00e0. Presso la nostra ditta elettrica, offriamo servizi di installazione su nuove tubazioni e su tubazioni esistenti, personalizzati alle tue esigenze specifiche. Contattaci oggi stesso per maggiori informazioni o per richiedere una consulenza gratuita. Investi nella qualit\u00e0 e nella sicurezza dei tuoi impianti elettrici con il nostro servizio professionale e affidabile.<\/p>\n<\/blockquote><\/p>\n                                <p>\n<\/p>\n                                <ul class=\"list-style-one clearfix\">\n\t\t\t\t\t\t\t\t\n\t\t\t\t\t\t\t\t\t\t\t\t\t\t\t\t\t\n                                    <li><p><strong><em>Prima di affidarti a una ditta edile, prendi la decisione intelligente: chiama l'elettricista<\/em><\/strong> esperto per un progetto sicuro e impeccabile. Con competenza e know-how, l'elettricista valuter\u00e0 le tue esigenze specifiche, garantendo una soluzione elettrica personalizzata. Non trascurare l'importanza dell'impianto elettrico, evita rischi costosi e inconvenienti futuri. Scegliere l'elettricista come punto di partenza \u00e8 il passo vincente per un risultato di qualit\u00e0 superiore.<\/p><\/li>\n\t\t\t\t\t\t\t\t\t\n\t\t\t\t\t\t\t\t\t\t\t\t\t\t\t\t\t\t\n                                <\/ul>\n\t\t\t\t\t\t\t\t                                <div class=\"btn-box\"><a href=\"https:\/\/www.elettricon.com\/index.php\/appuntamenti\/\" class=\"theme-btn btn-one\">Get The Service<\/a><\/div>\n\t\t\t\t\t\t\t\t                            <\/div>\n                        <\/div>\n                    <\/div>\n                <\/div>\n            <\/div>\n        <\/section>\n             \n\t\t\t\t\t\t<\/div>\n\t\t\t\t<\/div>\n\t\t\t\t\t<\/div>\n\t\t<\/div>\n\t\t\t\t\t<\/div>\n\t\t<\/section>\n\t\t\t\t<\/div>\n\t\t","protected":false},"excerpt":{"rendered":"<p>I Nostri Servizi Impianti Elettrici Installazioni Elettriche Sistemi Antifurto Videosorveglianza Citofoni e Videocitofoni automazioni per cancelli Automazione Tapparelle Smart e Garage Pannelli Fotovoltaici Installazione Lampadari e faretti Antenne e Parabole Installazione di Nuovi Impianti Elettrici a Palermo ed in Sicilia: Efficienza e Sicurezza per la Tua Propriet\u00e0 Benvenuti nella nostra sezione dedicata al servizio di [&hellip;]<\/p>\n","protected":false},"author":1,"featured_media":0,"parent":0,"menu_order":0,"comment_status":"closed","ping_status":"closed","template":"tpl-default-elementor.php","meta":{"footnotes":""},"class_list":["post-3962","page","type-page","status-publish","hentry"],"yoast_head":"<!-- This site is optimized with the Yoast SEO plugin v26.9 - https:\/\/yoast.com\/product\/yoast-seo-wordpress\/ -->\n<title>Impianti elettrici a Palermo ed in Sicilia Impianti elettrici - elettricon.com<\/title>\n<meta name=\"description\" content=\"Elettricon Impianti elettrici a Palermo e Provincia e Sicilia, Richiedi un preventivo gratuito\" \/>\n<meta name=\"robots\" content=\"index, follow, max-snippet:-1, max-image-preview:large, max-video-preview:-1\" \/>\n<link rel=\"canonical\" href=\"https:\/\/elettricon.com\/index.php\/impianti-elettrici\/\" \/>\n<meta property=\"og:locale\" content=\"it_IT\" \/>\n<meta property=\"og:type\" content=\"article\" \/>\n<meta property=\"og:title\" content=\"Impianti elettrici a Palermo ed in Sicilia Impianti elettrici - elettricon.com\" \/>\n<meta property=\"og:description\" content=\"Elettricon Impianti elettrici a Palermo e Provincia e Sicilia, Richiedi un preventivo gratuito\" \/>\n<meta property=\"og:url\" content=\"https:\/\/elettricon.com\/index.php\/impianti-elettrici\/\" \/>\n<meta property=\"og:site_name\" content=\"elettricon.com\" \/>\n<meta property=\"article:modified_time\" content=\"2025-03-18T14:25:09+00:00\" \/>\n<meta property=\"og:image\" content=\"https:\/\/www.elettricon.com\/wp-content\/uploads\/2023\/05\/installazioni-elettriche-1.jpg\" \/>\n<meta name=\"twitter:card\" content=\"summary_large_image\" \/>\n<meta name=\"twitter:label1\" content=\"Tempo di lettura stimato\" \/>\n\t<meta name=\"twitter:data1\" content=\"3 minuti\" \/>\n<script type=\"application\/ld+json\" class=\"yoast-schema-graph\">{\"@context\":\"https:\/\/schema.org\",\"@graph\":[{\"@type\":\"WebPage\",\"@id\":\"https:\/\/elettricon.com\/index.php\/impianti-elettrici\/\",\"url\":\"https:\/\/elettricon.com\/index.php\/impianti-elettrici\/\",\"name\":\"Impianti elettrici a Palermo ed in Sicilia Impianti elettrici - elettricon.com\",\"isPartOf\":{\"@id\":\"https:\/\/elettricon.com\/#website\"},\"primaryImageOfPage\":{\"@id\":\"https:\/\/elettricon.com\/index.php\/impianti-elettrici\/#primaryimage\"},\"image\":{\"@id\":\"https:\/\/elettricon.com\/index.php\/impianti-elettrici\/#primaryimage\"},\"thumbnailUrl\":\"https:\/\/www.elettricon.com\/wp-content\/uploads\/2023\/05\/installazioni-elettriche-1.jpg\",\"datePublished\":\"2023-05-30T20:04:40+00:00\",\"dateModified\":\"2025-03-18T14:25:09+00:00\",\"description\":\"Elettricon Impianti elettrici a Palermo e Provincia e Sicilia, Richiedi un preventivo gratuito\",\"breadcrumb\":{\"@id\":\"https:\/\/elettricon.com\/index.php\/impianti-elettrici\/#breadcrumb\"},\"inLanguage\":\"it-IT\",\"potentialAction\":[{\"@type\":\"ReadAction\",\"target\":[\"https:\/\/elettricon.com\/index.php\/impianti-elettrici\/\"]}]},{\"@type\":\"ImageObject\",\"inLanguage\":\"it-IT\",\"@id\":\"https:\/\/elettricon.com\/index.php\/impianti-elettrici\/#primaryimage\",\"url\":\"https:\/\/www.elettricon.com\/wp-content\/uploads\/2023\/05\/installazioni-elettriche-1.jpg\",\"contentUrl\":\"https:\/\/www.elettricon.com\/wp-content\/uploads\/2023\/05\/installazioni-elettriche-1.jpg\"},{\"@type\":\"BreadcrumbList\",\"@id\":\"https:\/\/elettricon.com\/index.php\/impianti-elettrici\/#breadcrumb\",\"itemListElement\":[{\"@type\":\"ListItem\",\"position\":1,\"name\":\"Home\",\"item\":\"https:\/\/elettricon.com\/\"},{\"@type\":\"ListItem\",\"position\":2,\"name\":\"Impianti elettrici\"}]},{\"@type\":\"WebSite\",\"@id\":\"https:\/\/elettricon.com\/#website\",\"url\":\"https:\/\/elettricon.com\/\",\"name\":\"elettricon.com\",\"description\":\"Ditta impianti elettrici, antifutri, videosorveglianza, domotica a Palermo\",\"publisher\":{\"@id\":\"https:\/\/elettricon.com\/#organization\"},\"alternateName\":\"Elettricon Impianti Elettrici a Palermo\",\"potentialAction\":[{\"@type\":\"SearchAction\",\"target\":{\"@type\":\"EntryPoint\",\"urlTemplate\":\"https:\/\/elettricon.com\/?s={search_term_string}\"},\"query-input\":{\"@type\":\"PropertyValueSpecification\",\"valueRequired\":true,\"valueName\":\"search_term_string\"}}],\"inLanguage\":\"it-IT\"},{\"@type\":\"Organization\",\"@id\":\"https:\/\/elettricon.com\/#organization\",\"name\":\"elettricon Impianti elettrici a Palermo\",\"url\":\"https:\/\/elettricon.com\/\",\"logo\":{\"@type\":\"ImageObject\",\"inLanguage\":\"it-IT\",\"@id\":\"https:\/\/elettricon.com\/#\/schema\/logo\/image\/\",\"url\":\"https:\/\/elettricon.com\/wp-content\/uploads\/2023\/10\/cropped-Logo-Elettricon-v2.jpg\",\"contentUrl\":\"https:\/\/elettricon.com\/wp-content\/uploads\/2023\/10\/cropped-Logo-Elettricon-v2.jpg\",\"width\":364,\"height\":250,\"caption\":\"elettricon Impianti elettrici a Palermo\"},\"image\":{\"@id\":\"https:\/\/elettricon.com\/#\/schema\/logo\/image\/\"}}]}<\/script>\n<!-- \/ Yoast SEO plugin. -->","yoast_head_json":{"title":"Impianti elettrici a Palermo ed in Sicilia Impianti elettrici - elettricon.com","description":"Elettricon Impianti elettrici a Palermo e Provincia e Sicilia, Richiedi un preventivo gratuito","robots":{"index":"index","follow":"follow","max-snippet":"max-snippet:-1","max-image-preview":"max-image-preview:large","max-video-preview":"max-video-preview:-1"},"canonical":"https:\/\/elettricon.com\/index.php\/impianti-elettrici\/","og_locale":"it_IT","og_type":"article","og_title":"Impianti elettrici a Palermo ed in Sicilia Impianti elettrici - elettricon.com","og_description":"Elettricon Impianti elettrici a Palermo e Provincia e Sicilia, Richiedi un preventivo gratuito","og_url":"https:\/\/elettricon.com\/index.php\/impianti-elettrici\/","og_site_name":"elettricon.com","article_modified_time":"2025-03-18T14:25:09+00:00","og_image":[{"url":"https:\/\/www.elettricon.com\/wp-content\/uploads\/2023\/05\/installazioni-elettriche-1.jpg","type":"","width":"","height":""}],"twitter_card":"summary_large_image","twitter_misc":{"Tempo di lettura stimato":"3 minuti"},"schema":{"@context":"https:\/\/schema.org","@graph":[{"@type":"WebPage","@id":"https:\/\/elettricon.com\/index.php\/impianti-elettrici\/","url":"https:\/\/elettricon.com\/index.php\/impianti-elettrici\/","name":"Impianti elettrici a Palermo ed in Sicilia Impianti elettrici - elettricon.com","isPartOf":{"@id":"https:\/\/elettricon.com\/#website"},"primaryImageOfPage":{"@id":"https:\/\/elettricon.com\/index.php\/impianti-elettrici\/#primaryimage"},"image":{"@id":"https:\/\/elettricon.com\/index.php\/impianti-elettrici\/#primaryimage"},"thumbnailUrl":"https:\/\/www.elettricon.com\/wp-content\/uploads\/2023\/05\/installazioni-elettriche-1.jpg","datePublished":"2023-05-30T20:04:40+00:00","dateModified":"2025-03-18T14:25:09+00:00","description":"Elettricon Impianti elettrici a Palermo e Provincia e Sicilia, Richiedi un preventivo gratuito","breadcrumb":{"@id":"https:\/\/elettricon.com\/index.php\/impianti-elettrici\/#breadcrumb"},"inLanguage":"it-IT","potentialAction":[{"@type":"ReadAction","target":["https:\/\/elettricon.com\/index.php\/impianti-elettrici\/"]}]},{"@type":"ImageObject","inLanguage":"it-IT","@id":"https:\/\/elettricon.com\/index.php\/impianti-elettrici\/#primaryimage","url":"https:\/\/www.elettricon.com\/wp-content\/uploads\/2023\/05\/installazioni-elettriche-1.jpg","contentUrl":"https:\/\/www.elettricon.com\/wp-content\/uploads\/2023\/05\/installazioni-elettriche-1.jpg"},{"@type":"BreadcrumbList","@id":"https:\/\/elettricon.com\/index.php\/impianti-elettrici\/#breadcrumb","itemListElement":[{"@type":"ListItem","position":1,"name":"Home","item":"https:\/\/elettricon.com\/"},{"@type":"ListItem","position":2,"name":"Impianti elettrici"}]},{"@type":"WebSite","@id":"https:\/\/elettricon.com\/#website","url":"https:\/\/elettricon.com\/","name":"elettricon.com","description":"Ditta impianti elettrici, antifutri, videosorveglianza, domotica a Palermo","publisher":{"@id":"https:\/\/elettricon.com\/#organization"},"alternateName":"Elettricon Impianti Elettrici a Palermo","potentialAction":[{"@type":"SearchAction","target":{"@type":"EntryPoint","urlTemplate":"https:\/\/elettricon.com\/?s={search_term_string}"},"query-input":{"@type":"PropertyValueSpecification","valueRequired":true,"valueName":"search_term_string"}}],"inLanguage":"it-IT"},{"@type":"Organization","@id":"https:\/\/elettricon.com\/#organization","name":"elettricon Impianti elettrici a Palermo","url":"https:\/\/elettricon.com\/","logo":{"@type":"ImageObject","inLanguage":"it-IT","@id":"https:\/\/elettricon.com\/#\/schema\/logo\/image\/","url":"https:\/\/elettricon.com\/wp-content\/uploads\/2023\/10\/cropped-Logo-Elettricon-v2.jpg","contentUrl":"https:\/\/elettricon.com\/wp-content\/uploads\/2023\/10\/cropped-Logo-Elettricon-v2.jpg","width":364,"height":250,"caption":"elettricon Impianti elettrici a Palermo"},"image":{"@id":"https:\/\/elettricon.com\/#\/schema\/logo\/image\/"}}]}},"_links":{"self":[{"href":"https:\/\/elettricon.com\/index.php\/wp-json\/wp\/v2\/pages\/3962","targetHints":{"allow":["GET"]}}],"collection":[{"href":"https:\/\/elettricon.com\/index.php\/wp-json\/wp\/v2\/pages"}],"about":[{"href":"https:\/\/elettricon.com\/index.php\/wp-json\/wp\/v2\/types\/page"}],"author":[{"embeddable":true,"href":"https:\/\/elettricon.com\/index.php\/wp-json\/wp\/v2\/users\/1"}],"replies":[{"embeddable":true,"href":"https:\/\/elettricon.com\/index.php\/wp-json\/wp\/v2\/comments?post=3962"}],"version-history":[{"count":59,"href":"https:\/\/elettricon.com\/index.php\/wp-json\/wp\/v2\/pages\/3962\/revisions"}],"predecessor-version":[{"id":5088,"href":"https:\/\/elettricon.com\/index.php\/wp-json\/wp\/v2\/pages\/3962\/revisions\/5088"}],"wp:attachment":[{"href":"https:\/\/elettricon.com\/index.php\/wp-json\/wp\/v2\/media?parent=3962"}],"curies":[{"name":"wp","href":"https:\/\/api.w.org\/{rel}","templated":true}]}}