{"id":4344,"date":"2023-06-19T18:17:19","date_gmt":"2023-06-19T16:17:19","guid":{"rendered":"https:\/\/www.elettricon.com\/?page_id=4344"},"modified":"2024-01-01T16:49:29","modified_gmt":"2024-01-01T15:49:29","slug":"installazione-lampadari-e-faretti","status":"publish","type":"page","link":"https:\/\/elettricon.com\/index.php\/installazione-lampadari-e-faretti\/","title":{"rendered":"Installazione Lampadari e faretti"},"content":{"rendered":"\t\t<div data-elementor-type=\"wp-page\" data-elementor-id=\"4344\" class=\"elementor elementor-4344\">\n\t\t\t\t\t\t<section class=\"elementor-section elementor-top-section elementor-element elementor-element-8fd9ba1 elementor-section-boxed elementor-section-height-default elementor-section-height-default\" data-id=\"8fd9ba1\" data-element_type=\"section\" data-e-type=\"section\">\n\t\t\t\t\t\t<div class=\"elementor-container elementor-column-gap-default\">\n\t\t\t\t\t<div class=\"elementor-column elementor-col-33 elementor-top-column elementor-element elementor-element-9a27f22\" data-id=\"9a27f22\" data-element_type=\"column\" data-e-type=\"column\">\n\t\t\t<div class=\"elementor-widget-wrap elementor-element-populated\">\n\t\t\t\t\t\t<div class=\"elementor-element elementor-element-5aedbd7 elementor-widget elementor-widget-easton_wi_catagory\" data-id=\"5aedbd7\" data-element_type=\"widget\" data-e-type=\"widget\" data-widget_type=\"easton_wi_catagory.default\">\n\t\t\t\t<div class=\"elementor-widget-container\">\n\t\t\t\t\t\t\t\n        <section class=\"service-details p_relative one\">\n            <div class=\"auto-container\">\n                <div class=\"row clearfix\">\n                    <div class=\"col-lg-12 col-md-12 col-sm-12 sidebar-side\">\n                        <div class=\"service-sidebar mr_50\">\n                            <ul class=\"accordion-box\">\n                                <li class=\"accordion block active-block\">\n\t\t\t\t\t\t\t\t\t                                    <div class=\"acc-btn active\">\n                                        <div class=\"icon-outer\"><\/div>\n                                        <h5>I Nostri Servizi<\/h5>\n                                    <\/div>\n\t\t\t\t\t\t\t\t\t                                    <div class=\"acc-content current\">\n                                        <ul class=\"service-list clearfix\">\n\t\t\t\t\t\t\t\t\t\t\n\t\t\t\t\t\t\t\t\t\t\t\t\t\t\t\t\t\t\t\t\t\t\t\t\t\t\t\t\t\t\t\t\t<li class=\"active\"><a href=\"https:\/\/www.elettricon.com\/index.php\/impianti-elettrici\/\">Impianti Elettrici<\/a><\/li>\n\t\t\t\t\t\t\t\t\t\t\t\n\t\t\t\t\t\t\t\t\t\t\t\t\t\t\t\t\t\t\t\t\t\t\t\t\t\t\t\t\t\t\t\t\t\t\t\t\t\t\t\t\t\t\t\t<li class=\"active\"><a href=\"https:\/\/www.elettricon.com\/index.php\/installazioni-elettriche\/\">Installazioni Elettriche<\/a><\/li>\n\t\t\t\t\t\t\t\t\t\t\t\n\t\t\t\t\t\t\t\t\t\t\t\t\t\t\t\t\t\t\t\t\t\t\t\t\t\t\t\t\t\t\t\t\t\t\t\t\t\t\t\t\t\t\t\t<li class=\"active\"><a href=\"https:\/\/www.elettricon.com\/index.php\/sistemi-antifurto\/\">Sistemi Antifurto<\/a><\/li>\n\t\t\t\t\t\t\t\t\t\t\t\n\t\t\t\t\t\t\t\t\t\t\t\t\t\t\t\t\t\t\t\t\t\t\t\t\t\t\t\t\t\t\t\t\t\t\t\t\t\t\t\t\t\t\t\t<li class=\"active\"><a href=\"https:\/\/www.elettricon.com\/index.php\/videosorveglianza-2\/\">Videosorveglianza<\/a><\/li>\n\t\t\t\t\t\t\t\t\t\t\t\n\t\t\t\t\t\t\t\t\t\t\t\t\t\t\t\t\t\t\t\t\t\t\t\t\t\t\t\t\t\t\t\t\t\t\t\t\t\t\t\t\t\t\t\t<li class=\"active\"><a href=\"https:\/\/www.elettricon.com\/index.php\/citofoni-e-videocitofoni-2\/\">Citofoni e Videocitofoni<\/a><\/li>\n\t\t\t\t\t\t\t\t\t\t\t\n\t\t\t\t\t\t\t\t\t\t\t\t\t\t\t\t\t\t\t\t\t\t\t\t\t\t\t\t\t\t\t\t\t\t\t\t\t\t\t\t\t\t\t\t<li class=\"active\"><a href=\"https:\/\/www.elettricon.com\/index.php\/automazione-cancelli\/\">automazioni per cancelli<\/a><\/li>\n\t\t\t\t\t\t\t\t\t\t\t\n\t\t\t\t\t\t\t\t\t\t\t\t\t\t\t\t\t\t\t\t\t\t\t\t\t\t\t\t\t\t\t\t\t\t\t\t\t\t\t\t\t\t\t\t<li class=\"active\"><a href=\"https:\/\/www.elettricon.com\/index.php\/automazione-tapparelle-smart-e-garage\/\">Automazione Tapparelle Smart e Garage<\/a><\/li>\n\t\t\t\t\t\t\t\t\t\t\t\n\t\t\t\t\t\t\t\t\t\t\t\t\t\t\t\t\t\t\t\t\t\t\t\t\t\t\t\t\t\t\t\t\t\t\t\t\t\t\t\t\t\t\t\t<li class=\"active\"><a href=\"https:\/\/www.elettricon.com\/index.php\/installazione-pannelli-fotovoltaici\/\">Pannelli Fotovoltaici<\/a><\/li>\n\t\t\t\t\t\t\t\t\t\t\t\n\t\t\t\t\t\t\t\t\t\t\t\t\t\t\t\t\t\t\t\t\t\t\t\t\t\t\t\t\t\t\t\t\t\t\t\t\t\t\t\t\t\t\t\t<li class=\"active\"><a href=\"https:\/\/www.elettricon.com\/index.php\/installazione-lampadari-e-faretti\/\">Installazione Lampadari e faretti<\/a><\/li>\n\t\t\t\t\t\t\t\t\t\t\t\n\t\t\t\t\t\t\t\t\t\t\t\t\t\t\t\t\t\t\t\t\t\t\t\t\t\t\t\t\t\t\t\t\t\t\t\t\t\t\t\t\t\t\t\t<li class=\"active\"><a href=\"https:\/\/www.elettricon.com\/index.php\/antenne-e-parabole\/\">Antenne e Parabole<\/a><\/li>\n\t\t\t\t\t\t\t\t\t\t\t\n\t\t\t\t\t\t\t\t\t\t\t\t\t\t\t\t\t\t\t\t\t\t\t\t\t\t\t\t\t\t\t\t\t\n                                        <\/ul>\n                                    <\/div>\n                                <\/li>\n                            <\/ul>\n                        <\/div>\n                    <\/div>\n                <\/div>\n            <\/div>\n        <\/section>\n\t\t\n\t\t\t\t\t\t<\/div>\n\t\t\t\t<\/div>\n\t\t\t\t\t<\/div>\n\t\t<\/div>\n\t\t\t\t<div class=\"elementor-column elementor-col-66 elementor-top-column elementor-element elementor-element-4731a98\" data-id=\"4731a98\" data-element_type=\"column\" data-e-type=\"column\">\n\t\t\t<div class=\"elementor-widget-wrap elementor-element-populated\">\n\t\t\t\t\t\t<div class=\"elementor-element elementor-element-5bbb27e elementor-widget elementor-widget-easton_service_details\" data-id=\"5bbb27e\" data-element_type=\"widget\" data-e-type=\"widget\" data-widget_type=\"easton_service_details.default\">\n\t\t\t\t<div class=\"elementor-widget-container\">\n\t\t\t\t\t\t\t\n        <section class=\"service-details p_relative two\">\n            <div class=\"auto-container\">\n                <div class=\"row clearfix\">\n                    <div class=\"col-lg-12 col-md-12 col-sm-12 content-side\">\n                        <div class=\"service-details-content\">\n                            <div class=\"content-one p_relative d_block\">\n                                <figure class=\"image-box\">\n\t\t\t\t\t\t\t\t\t   \n\t\t\t\t\t\t\t\t\t<img decoding=\"async\" src=\"https:\/\/elettricon.com\/wp-content\/uploads\/2023\/06\/Lampadina.jpg\" alt=\"\"\/>\n\t\t\t\t\t\t\t\t\t\t\t\t\t\t\t\t\t<\/figure>\n                                <div class=\"text\">\n                                    <h3>Installazione Lampadari e faretti<\/h3>\n                                    <p>Illumina il tuo spazio con stile e sicurezza grazie al nostro servizio di installazione di lampadari, applique, faretti, lampioni e illuminazione esterna. La nostra ditta di impianti elettrici ti offre soluzioni di illuminazione su misura, garantendo non solo estetica e funzionalit\u00e0, ma anche la massima sicurezza e conformit\u00e0 alle normative vigenti. La nostra squadra di professionisti qualificati si prender\u00e0 cura di ogni dettaglio, assicurandosi che ogni impianto elettrico sia installato in modo sicuro e a norma. Dalla scelta dei migliori prodotti al cablaggio accurato, puoi contare su di noi per un'installazione di illuminazione impeccabile, che valorizzer\u00e0 il tuo ambiente e offrir\u00e0 un'esperienza luminosa senza preoccupazioni. Trasforma il tuo spazio con una luce brillante, sicura ed elegante.<\/p>\n                                    <p>Lampioni: L'illuminazione esterna \u00e8 fondamentale per garantire sicurezza, comfort e un tocco di eleganza agli spazi all'aperto. Con i nostri lampioni di alta qualit\u00e0, possiamo creare un'illuminazione esterna accattivante che rende i tuoi spazi esterni invitanti e sicuri anche durante le ore notturne.\nIlluminazione da esterno: Desideri creare un'atmosfera magica nel tuo giardino, patio o terrazza? La nostra ditta di impianti elettrici offre soluzioni di illuminazione personalizzate per gli spazi esterni. Dai faretti a led alle strisce luminose, possiamo progettare e installare un sistema di illuminazione da esterno che valorizza il tuo ambiente e ne aumenta l'usabilit\u00e0 anche di sera.<\/p>\n                                <\/div>\n                                <div class=\"row clearfix\">\n                                    <div class=\"col-lg-6 col-md-6 col-sm-12 list-column\">\n                                        <ul class=\"list-style-one clearfix\">\n\t\t\t\t\t\t\t\t\t\t\n\t\t\t\t\t\t\t\t\t\t\t\t\t\t\t\t\t\t\t\t\t\n                                            <li>Certificazione Impianti<\/li>\n\t\t\t\t\t\t\t\t\t\t\t\n\t\t\t\t\t\t\t\t\t\t\t\t\t\t\t\t\t\t\t\t\t\t\n                                        <\/ul>\n                                    <\/div>\n                                    <div class=\"col-lg-6 col-md-6 col-sm-12 list-column\">\n                                        <ul class=\"list-style-one clearfix\">\n\t\t\t\t\t\t\t\t\t\t\n\t\t\t\t\t\t\t\t\t\t\t\t\t\t\t\t\t\t\t\t\t\n                                            <li>Preventivi gratuiti<\/li>\n\t\t\t\t\t\t\t\t\t\t\t\n\t\t\t\t\t\t\t\t\t\t\t\t\t\t\t\t\t\t\t\t\t\t\n                                        <\/ul>\n                                    <\/div>\n                                <\/div>\n                            <\/div>\n                            <div class=\"content-two p_relative d_block\">\n                                <div class=\"row clearfix\">\n                                    <div class=\"col-lg-6 col-md-6 col-sm-12 image-column\">\n                                        <figure class=\"image-box\">\n\t\t\t\t\t\t\t\t\t\t\t   \n\t\t\t\t\t\t\t\t\t\t\t<img decoding=\"async\" src=\"https:\/\/elettricon.com\/wp-content\/uploads\/2022\/09\/light-service2.jpg\" alt=\"\"\/>\n\t\t\t\t\t\t\t\t\t\t\t\t\t\t\t\t\t\t\t\t\t<\/figure>\n                                    <\/div>\n                                    <div class=\"col-lg-6 col-md-6 col-sm-12 image-column\">\n                                        <figure class=\"image-box\">\n\t\t\t\t\t\t\t\t\t\t\t   \n\t\t\t\t\t\t\t\t\t\t\t<img decoding=\"async\" src=\"https:\/\/elettricon.com\/wp-content\/uploads\/2022\/09\/landscape3.jpg\" alt=\"\"\/>\n\t\t\t\t\t\t\t\t\t\t\t\t\t\t\t\t\t\t\t\t\t<\/figure>\n                                    <\/div>\n                                <\/div>\n                            <\/div>\n                        <\/div>\n                    <\/div>\n                <\/div>\n            <\/div>\n        <\/section>\n             \n\t\t\t\t\t\t<\/div>\n\t\t\t\t<\/div>\n\t\t\t\t<div class=\"elementor-element elementor-element-3ad883b elementor-widget__width-initial elementor-widget elementor-widget-easton_service_details2\" data-id=\"3ad883b\" data-element_type=\"widget\" data-e-type=\"widget\" data-widget_type=\"easton_service_details2.default\">\n\t\t\t\t<div class=\"elementor-widget-container\">\n\t\t\t\t\t\t\t\n        <section class=\"service-details p_relative three\">\n            <div class=\"auto-container\">\n                <div class=\"row clearfix\">\n                    <div class=\"col-lg-12 col-md-12 col-sm-12 content-side\">\n                        <div class=\"service-details-content\">\n                            <div class=\"content-three\">\n                                <h3><\/h3>\n                                <p>Quando scegli il nostro servizio di installazione di lampadari, applique, faretti, lampioni ed illuminazione da esterno, puoi contare su un team di professionisti esperti che garantiscono un lavoro di precisione, sicurezza e attenzione ai dettagli. La nostra priorit\u00e0 \u00e8 la tua soddisfazione e il raggiungimento dell'effetto luminoso desiderato.\n\nNon aspettare oltre per trasformare i tuoi spazi con una nuova illuminazione. Contattaci oggi stesso per una consulenza gratuita e scopri come il nostro servizio di installazione di lampadari, applique, faretti, lampioni ed illuminazione da esterno pu\u00f2 rendere i tuoi ambienti ancora pi\u00f9 belli e accoglienti. Lascia che la luce illumini la tua vita!<\/p>\n                                <p>\n<\/p>\n                                <ul class=\"list-style-one clearfix\">\n\t\t\t\t\t\t\t\t\n\t\t\t\t\t\t\t\t\t\t\t\t\t\t\t\t\t\n                                    <li>Personalizzazione della sicurezza: <br>\nUn servizio di installazioni di sistemi antifurto ti permette di personalizzare la sicurezza della tua casa in base alle tue esigenze specifiche. Gli esperti in sicurezza valuteranno le vulnerabilit\u00e0 della tua propriet\u00e0 e ti consiglieranno sulle migliori soluzioni per proteggere la tua casa. Ci\u00f2 include l'installazione di sensori, telecamere di sorveglianza, allarmi e sistemi di controllo accessi, tutti progettati per adattarsi alle tue esigenze di sicurezza.<\/li>\n\t\t\t\t\t\t\t\t\t\n\t\t\t\t\t\t\t\t\t\t\t\t\t\t\t\t\t\n                                    <li>Deterrenza dei ladri:<br>\nUn sistema antifurto visibile e ben installato ha un effetto deterrente significativo sui ladri. La presenza di telecamere di sorveglianza e di un sistema di allarme ben segnalato pu\u00f2 scoraggiare i criminali dall'intrufolarsi nella tua casa. Inoltre, un sistema di allarme attivo pu\u00f2 avvisare immediatamente le autorit\u00e0 o una centrale di sicurezza in caso di tentativo di intrusione, aumentando le possibilit\u00e0 di catturare i ladri e proteggere la tua propriet\u00e0.<\/li>\n\t\t\t\t\t\t\t\t\t\n\t\t\t\t\t\t\t\t\t\t\t\t\t\t\t\t\t\n                                    <li>Monitoraggio remoto e notifiche:<br>\nUn vantaggio chiave dei moderni sistemi antifurto \u00e8 la possibilit\u00e0 di monitorare la tua casa a distanza. Con l'integrazione di tecnologie smart, puoi ricevere notifiche sul tuo smartphone in caso di attivit\u00e0 sospette o allarmi attivati. Ci\u00f2 ti consente di monitorare la sicurezza della tua casa anche quando sei lontano, offrendoti la tranquillit\u00e0 di sapere che la tua casa \u00e8 costantemente sorvegliata.<\/li>\n\t\t\t\t\t\t\t\t\t\n\t\t\t\t\t\t\t\t\t\t\t\t\t\t\t\t\t\n                                    <li>Integrazione con altri sistemi di sicurezza:<br>\nUn servizio di installazioni di sistemi antifurto professionale pu\u00f2 integrarsi con altri sistemi di sicurezza, come l'illuminazione automatizzata, i sensori di fumo e le telecamere di sorveglianza. Questa integrazione offre una protezione pi\u00f9 completa e ti consente di controllare e gestire tutti i tuoi dispositivi di sicurezza da un'unica piattaforma.<\/li>\n\t\t\t\t\t\t\t\t\t\n\t\t\t\t\t\t\t\t\t\t\t\t\t\t\t\t\t\n                                    <li>Installazione corretta:<br>\nAffidarsi a un servizio professionale garantisce un'installazione corretta e accurata del sistema antifurto. Gli esperti sapranno dove posizionare i sensori, le telecamere e gli allarmi per massimizzare l'efficacia del sistema e garantire una copertura completa della tua propriet\u00e0.<\/li>\n\t\t\t\t\t\t\t\t\t\n\t\t\t\t\t\t\t\t\t\t\t\t\t\t\t\t\t\n                                    <li>Allarmi immediati:<br>\nIn caso di tentativo di intrusione, un sistema antifurto attiver\u00e0 immediatamente un allarme sonoro per avvertire te e i tuoi vicini. Questo allarme istantaneo pu\u00f2 scoraggiare i ladri e avvisare le persone nelle vicinanze della presenza di un'intrusione.<\/li>\n\t\t\t\t\t\t\t\t\t\n\t\t\t\t\t\t\t\t\t\t\t\t\t\t\t\t\t\n                                    <li>Assistenza e manutenzione:<br>\nUn servizio professionale di installazione di sistemi antifurto offre anche assistenza e programmi di manutenzione per garantire che il tuo sistema sia sempre funzionante al massimo delle sue capacit\u00e0. L'assistenza continua ti fornisce la tranquillit\u00e0 di sapere che il tuo sistema di sicurezza \u00e8 stato controllato e manutenuto regolarmente.<\/li>\n\t\t\t\t\t\t\t\t\t\n\t\t\t\t\t\t\t\t\t\t\t\t\t\t\t\t\t\t\n                                <\/ul>\n\t\t\t\t\t\t\t\t                                <div class=\"btn-box\"><a href=\"https:\/\/www.elettricon.com\/index.php\/appuntamenti\/\" class=\"theme-btn btn-one\">Get The Service<\/a><\/div>\n\t\t\t\t\t\t\t\t                            <\/div>\n                        <\/div>\n                    <\/div>\n                <\/div>\n            <\/div>\n        <\/section>\n             \n\t\t\t\t\t\t<\/div>\n\t\t\t\t<\/div>\n\t\t\t\t\t<\/div>\n\t\t<\/div>\n\t\t\t\t\t<\/div>\n\t\t<\/section>\n\t\t\t\t<\/div>\n\t\t","protected":false},"excerpt":{"rendered":"<p>I Nostri Servizi Impianti Elettrici Installazioni Elettriche Sistemi Antifurto Videosorveglianza Citofoni e Videocitofoni automazioni per cancelli Automazione Tapparelle Smart e Garage Pannelli Fotovoltaici Installazione Lampadari e faretti Antenne e Parabole Installazione Lampadari e faretti Illumina il tuo spazio con stile e sicurezza grazie al nostro servizio di installazione di lampadari, applique, faretti, lampioni e illuminazione [&hellip;]<\/p>\n","protected":false},"author":1,"featured_media":0,"parent":0,"menu_order":0,"comment_status":"closed","ping_status":"closed","template":"tpl-default-elementor.php","meta":{"footnotes":""},"class_list":["post-4344","page","type-page","status-publish","hentry"],"yoast_head":"<!-- This site is optimized with the Yoast SEO plugin v26.9 - https:\/\/yoast.com\/product\/yoast-seo-wordpress\/ -->\n<title>Installazione Lampadari e faretti - elettricon.com<\/title>\n<meta name=\"robots\" content=\"index, follow, max-snippet:-1, max-image-preview:large, max-video-preview:-1\" \/>\n<link rel=\"canonical\" href=\"https:\/\/elettricon.com\/index.php\/installazione-lampadari-e-faretti\/\" \/>\n<meta property=\"og:locale\" content=\"it_IT\" \/>\n<meta property=\"og:type\" content=\"article\" \/>\n<meta property=\"og:title\" content=\"Installazione Lampadari e faretti - elettricon.com\" \/>\n<meta property=\"og:description\" content=\"I Nostri Servizi Impianti Elettrici Installazioni Elettriche Sistemi Antifurto Videosorveglianza Citofoni e Videocitofoni automazioni per cancelli Automazione Tapparelle Smart e Garage Pannelli Fotovoltaici Installazione Lampadari e faretti Antenne e Parabole Installazione Lampadari e faretti Illumina il tuo spazio con stile e sicurezza grazie al nostro servizio di installazione di lampadari, applique, faretti, lampioni e illuminazione [&hellip;]\" \/>\n<meta property=\"og:url\" content=\"https:\/\/elettricon.com\/index.php\/installazione-lampadari-e-faretti\/\" \/>\n<meta property=\"og:site_name\" content=\"elettricon.com\" \/>\n<meta property=\"article:modified_time\" content=\"2024-01-01T15:49:29+00:00\" \/>\n<meta property=\"og:image\" content=\"https:\/\/www.elettricon.com\/wp-content\/uploads\/2023\/06\/Lampadina.jpg\" \/>\n<meta name=\"twitter:card\" content=\"summary_large_image\" \/>\n<meta name=\"twitter:label1\" content=\"Tempo di lettura stimato\" \/>\n\t<meta name=\"twitter:data1\" content=\"4 minuti\" \/>\n<script type=\"application\/ld+json\" class=\"yoast-schema-graph\">{\"@context\":\"https:\/\/schema.org\",\"@graph\":[{\"@type\":\"WebPage\",\"@id\":\"https:\/\/elettricon.com\/index.php\/installazione-lampadari-e-faretti\/\",\"url\":\"https:\/\/elettricon.com\/index.php\/installazione-lampadari-e-faretti\/\",\"name\":\"Installazione Lampadari e faretti - elettricon.com\",\"isPartOf\":{\"@id\":\"https:\/\/elettricon.com\/#website\"},\"primaryImageOfPage\":{\"@id\":\"https:\/\/elettricon.com\/index.php\/installazione-lampadari-e-faretti\/#primaryimage\"},\"image\":{\"@id\":\"https:\/\/elettricon.com\/index.php\/installazione-lampadari-e-faretti\/#primaryimage\"},\"thumbnailUrl\":\"https:\/\/www.elettricon.com\/wp-content\/uploads\/2023\/06\/Lampadina.jpg\",\"datePublished\":\"2023-06-19T16:17:19+00:00\",\"dateModified\":\"2024-01-01T15:49:29+00:00\",\"breadcrumb\":{\"@id\":\"https:\/\/elettricon.com\/index.php\/installazione-lampadari-e-faretti\/#breadcrumb\"},\"inLanguage\":\"it-IT\",\"potentialAction\":[{\"@type\":\"ReadAction\",\"target\":[\"https:\/\/elettricon.com\/index.php\/installazione-lampadari-e-faretti\/\"]}]},{\"@type\":\"ImageObject\",\"inLanguage\":\"it-IT\",\"@id\":\"https:\/\/elettricon.com\/index.php\/installazione-lampadari-e-faretti\/#primaryimage\",\"url\":\"https:\/\/www.elettricon.com\/wp-content\/uploads\/2023\/06\/Lampadina.jpg\",\"contentUrl\":\"https:\/\/www.elettricon.com\/wp-content\/uploads\/2023\/06\/Lampadina.jpg\"},{\"@type\":\"BreadcrumbList\",\"@id\":\"https:\/\/elettricon.com\/index.php\/installazione-lampadari-e-faretti\/#breadcrumb\",\"itemListElement\":[{\"@type\":\"ListItem\",\"position\":1,\"name\":\"Home\",\"item\":\"https:\/\/elettricon.com\/\"},{\"@type\":\"ListItem\",\"position\":2,\"name\":\"Installazione Lampadari e faretti\"}]},{\"@type\":\"WebSite\",\"@id\":\"https:\/\/elettricon.com\/#website\",\"url\":\"https:\/\/elettricon.com\/\",\"name\":\"elettricon.com\",\"description\":\"Ditta impianti elettrici, antifutri, videosorveglianza, domotica a Palermo\",\"publisher\":{\"@id\":\"https:\/\/elettricon.com\/#organization\"},\"alternateName\":\"Elettricon Impianti Elettrici a Palermo\",\"potentialAction\":[{\"@type\":\"SearchAction\",\"target\":{\"@type\":\"EntryPoint\",\"urlTemplate\":\"https:\/\/elettricon.com\/?s={search_term_string}\"},\"query-input\":{\"@type\":\"PropertyValueSpecification\",\"valueRequired\":true,\"valueName\":\"search_term_string\"}}],\"inLanguage\":\"it-IT\"},{\"@type\":\"Organization\",\"@id\":\"https:\/\/elettricon.com\/#organization\",\"name\":\"elettricon Impianti elettrici a Palermo\",\"url\":\"https:\/\/elettricon.com\/\",\"logo\":{\"@type\":\"ImageObject\",\"inLanguage\":\"it-IT\",\"@id\":\"https:\/\/elettricon.com\/#\/schema\/logo\/image\/\",\"url\":\"https:\/\/elettricon.com\/wp-content\/uploads\/2023\/10\/cropped-Logo-Elettricon-v2.jpg\",\"contentUrl\":\"https:\/\/elettricon.com\/wp-content\/uploads\/2023\/10\/cropped-Logo-Elettricon-v2.jpg\",\"width\":364,\"height\":250,\"caption\":\"elettricon Impianti elettrici a Palermo\"},\"image\":{\"@id\":\"https:\/\/elettricon.com\/#\/schema\/logo\/image\/\"}}]}<\/script>\n<!-- \/ Yoast SEO plugin. -->","yoast_head_json":{"title":"Installazione Lampadari e faretti - elettricon.com","robots":{"index":"index","follow":"follow","max-snippet":"max-snippet:-1","max-image-preview":"max-image-preview:large","max-video-preview":"max-video-preview:-1"},"canonical":"https:\/\/elettricon.com\/index.php\/installazione-lampadari-e-faretti\/","og_locale":"it_IT","og_type":"article","og_title":"Installazione Lampadari e faretti - elettricon.com","og_description":"I Nostri Servizi Impianti Elettrici Installazioni Elettriche Sistemi Antifurto Videosorveglianza Citofoni e Videocitofoni automazioni per cancelli Automazione Tapparelle Smart e Garage Pannelli Fotovoltaici Installazione Lampadari e faretti Antenne e Parabole Installazione Lampadari e faretti Illumina il tuo spazio con stile e sicurezza grazie al nostro servizio di installazione di lampadari, applique, faretti, lampioni e illuminazione [&hellip;]","og_url":"https:\/\/elettricon.com\/index.php\/installazione-lampadari-e-faretti\/","og_site_name":"elettricon.com","article_modified_time":"2024-01-01T15:49:29+00:00","og_image":[{"url":"https:\/\/www.elettricon.com\/wp-content\/uploads\/2023\/06\/Lampadina.jpg","type":"","width":"","height":""}],"twitter_card":"summary_large_image","twitter_misc":{"Tempo di lettura stimato":"4 minuti"},"schema":{"@context":"https:\/\/schema.org","@graph":[{"@type":"WebPage","@id":"https:\/\/elettricon.com\/index.php\/installazione-lampadari-e-faretti\/","url":"https:\/\/elettricon.com\/index.php\/installazione-lampadari-e-faretti\/","name":"Installazione Lampadari e faretti - elettricon.com","isPartOf":{"@id":"https:\/\/elettricon.com\/#website"},"primaryImageOfPage":{"@id":"https:\/\/elettricon.com\/index.php\/installazione-lampadari-e-faretti\/#primaryimage"},"image":{"@id":"https:\/\/elettricon.com\/index.php\/installazione-lampadari-e-faretti\/#primaryimage"},"thumbnailUrl":"https:\/\/www.elettricon.com\/wp-content\/uploads\/2023\/06\/Lampadina.jpg","datePublished":"2023-06-19T16:17:19+00:00","dateModified":"2024-01-01T15:49:29+00:00","breadcrumb":{"@id":"https:\/\/elettricon.com\/index.php\/installazione-lampadari-e-faretti\/#breadcrumb"},"inLanguage":"it-IT","potentialAction":[{"@type":"ReadAction","target":["https:\/\/elettricon.com\/index.php\/installazione-lampadari-e-faretti\/"]}]},{"@type":"ImageObject","inLanguage":"it-IT","@id":"https:\/\/elettricon.com\/index.php\/installazione-lampadari-e-faretti\/#primaryimage","url":"https:\/\/www.elettricon.com\/wp-content\/uploads\/2023\/06\/Lampadina.jpg","contentUrl":"https:\/\/www.elettricon.com\/wp-content\/uploads\/2023\/06\/Lampadina.jpg"},{"@type":"BreadcrumbList","@id":"https:\/\/elettricon.com\/index.php\/installazione-lampadari-e-faretti\/#breadcrumb","itemListElement":[{"@type":"ListItem","position":1,"name":"Home","item":"https:\/\/elettricon.com\/"},{"@type":"ListItem","position":2,"name":"Installazione Lampadari e faretti"}]},{"@type":"WebSite","@id":"https:\/\/elettricon.com\/#website","url":"https:\/\/elettricon.com\/","name":"elettricon.com","description":"Ditta impianti elettrici, antifutri, videosorveglianza, domotica a Palermo","publisher":{"@id":"https:\/\/elettricon.com\/#organization"},"alternateName":"Elettricon Impianti Elettrici a Palermo","potentialAction":[{"@type":"SearchAction","target":{"@type":"EntryPoint","urlTemplate":"https:\/\/elettricon.com\/?s={search_term_string}"},"query-input":{"@type":"PropertyValueSpecification","valueRequired":true,"valueName":"search_term_string"}}],"inLanguage":"it-IT"},{"@type":"Organization","@id":"https:\/\/elettricon.com\/#organization","name":"elettricon Impianti elettrici a Palermo","url":"https:\/\/elettricon.com\/","logo":{"@type":"ImageObject","inLanguage":"it-IT","@id":"https:\/\/elettricon.com\/#\/schema\/logo\/image\/","url":"https:\/\/elettricon.com\/wp-content\/uploads\/2023\/10\/cropped-Logo-Elettricon-v2.jpg","contentUrl":"https:\/\/elettricon.com\/wp-content\/uploads\/2023\/10\/cropped-Logo-Elettricon-v2.jpg","width":364,"height":250,"caption":"elettricon Impianti elettrici a Palermo"},"image":{"@id":"https:\/\/elettricon.com\/#\/schema\/logo\/image\/"}}]}},"_links":{"self":[{"href":"https:\/\/elettricon.com\/index.php\/wp-json\/wp\/v2\/pages\/4344","targetHints":{"allow":["GET"]}}],"collection":[{"href":"https:\/\/elettricon.com\/index.php\/wp-json\/wp\/v2\/pages"}],"about":[{"href":"https:\/\/elettricon.com\/index.php\/wp-json\/wp\/v2\/types\/page"}],"author":[{"embeddable":true,"href":"https:\/\/elettricon.com\/index.php\/wp-json\/wp\/v2\/users\/1"}],"replies":[{"embeddable":true,"href":"https:\/\/elettricon.com\/index.php\/wp-json\/wp\/v2\/comments?post=4344"}],"version-history":[{"count":4,"href":"https:\/\/elettricon.com\/index.php\/wp-json\/wp\/v2\/pages\/4344\/revisions"}],"predecessor-version":[{"id":4822,"href":"https:\/\/elettricon.com\/index.php\/wp-json\/wp\/v2\/pages\/4344\/revisions\/4822"}],"wp:attachment":[{"href":"https:\/\/elettricon.com\/index.php\/wp-json\/wp\/v2\/media?parent=4344"}],"curies":[{"name":"wp","href":"https:\/\/api.w.org\/{rel}","templated":true}]}}