{"id":551,"date":"2022-04-26T03:57:31","date_gmt":"2022-04-26T01:57:31","guid":{"rendered":"http:\/\/ftpdemo.com\/easton\/?page_id=551"},"modified":"2024-01-01T16:18:07","modified_gmt":"2024-01-01T15:18:07","slug":"installazioni-elettriche","status":"publish","type":"page","link":"https:\/\/elettricon.com\/index.php\/installazioni-elettriche\/","title":{"rendered":"Installazioni Elettriche"},"content":{"rendered":"\t\t<div data-elementor-type=\"wp-page\" data-elementor-id=\"551\" class=\"elementor elementor-551\">\n\t\t\t\t\t\t<section class=\"elementor-section elementor-top-section elementor-element elementor-element-739a773c elementor-section-boxed elementor-section-height-default elementor-section-height-default\" data-id=\"739a773c\" data-element_type=\"section\" data-e-type=\"section\">\n\t\t\t\t\t\t<div class=\"elementor-container elementor-column-gap-no\">\n\t\t\t\t\t<div class=\"elementor-column elementor-col-33 elementor-top-column elementor-element elementor-element-4af11f79\" data-id=\"4af11f79\" data-element_type=\"column\" data-e-type=\"column\">\n\t\t\t<div class=\"elementor-widget-wrap elementor-element-populated\">\n\t\t\t\t\t\t<div class=\"elementor-element elementor-element-7ecd0d1 elementor-widget elementor-widget-easton_wi_catagory\" data-id=\"7ecd0d1\" data-element_type=\"widget\" data-e-type=\"widget\" data-widget_type=\"easton_wi_catagory.default\">\n\t\t\t\t<div class=\"elementor-widget-container\">\n\t\t\t\t\t\t\t\n        <section class=\"service-details p_relative one\">\n            <div class=\"auto-container\">\n                <div class=\"row clearfix\">\n                    <div class=\"col-lg-12 col-md-12 col-sm-12 sidebar-side\">\n                        <div class=\"service-sidebar mr_50\">\n                            <ul class=\"accordion-box\">\n                                <li class=\"accordion block active-block\">\n\t\t\t\t\t\t\t\t\t                                    <div class=\"acc-btn active\">\n                                        <div class=\"icon-outer\"><\/div>\n                                        <h5>I Nostri Servizi<\/h5>\n                                    <\/div>\n\t\t\t\t\t\t\t\t\t                                    <div class=\"acc-content current\">\n                                        <ul class=\"service-list clearfix\">\n\t\t\t\t\t\t\t\t\t\t\n\t\t\t\t\t\t\t\t\t\t\t\t\t\t\t\t\t\t\t\t\t\t\t\t\t\t\t\t\t\t\t\t\t<li class=\"active\"><a href=\"https:\/\/www.elettricon.com\/index.php\/impianti-elettrici\/\">Impianti Elettrici<\/a><\/li>\n\t\t\t\t\t\t\t\t\t\t\t\n\t\t\t\t\t\t\t\t\t\t\t\t\t\t\t\t\t\t\t\t\t\t\t\t\t\t\t\t\t\t\t\t\t\t\t\t\t\t\t\t\t\t\t\t<li class=\"active\"><a href=\"https:\/\/www.elettricon.com\/index.php\/installazioni-elettriche\/\">Installazioni Elettriche<\/a><\/li>\n\t\t\t\t\t\t\t\t\t\t\t\n\t\t\t\t\t\t\t\t\t\t\t\t\t\t\t\t\t\t\t\t\t\t\t\t\t\t\t\t\t\t\t\t\t\t\t\t\t\t\t\t\t\t\t\t<li class=\"active\"><a href=\"https:\/\/www.elettricon.com\/index.php\/sistemi-antifurto\/\">Sistemi Antifurto<\/a><\/li>\n\t\t\t\t\t\t\t\t\t\t\t\n\t\t\t\t\t\t\t\t\t\t\t\t\t\t\t\t\t\t\t\t\t\t\t\t\t\t\t\t\t\t\t\t\t\t\t\t\t\t\t\t\t\t\t\t<li class=\"active\"><a href=\"https:\/\/www.elettricon.com\/index.php\/videosorveglianza-2\/\">Videosorveglianza<\/a><\/li>\n\t\t\t\t\t\t\t\t\t\t\t\n\t\t\t\t\t\t\t\t\t\t\t\t\t\t\t\t\t\t\t\t\t\t\t\t\t\t\t\t\t\t\t\t\t\t\t\t\t\t\t\t\t\t\t\t<li class=\"active\"><a href=\"https:\/\/www.elettricon.com\/index.php\/citofoni-e-videocitofoni-2\/\">Citofoni e Videocitofoni<\/a><\/li>\n\t\t\t\t\t\t\t\t\t\t\t\n\t\t\t\t\t\t\t\t\t\t\t\t\t\t\t\t\t\t\t\t\t\t\t\t\t\t\t\t\t\t\t\t\t\t\t\t\t\t\t\t\t\t\t\t<li class=\"active\"><a href=\"https:\/\/www.elettricon.com\/index.php\/automazione-cancelli\/\">automazioni per cancelli<\/a><\/li>\n\t\t\t\t\t\t\t\t\t\t\t\n\t\t\t\t\t\t\t\t\t\t\t\t\t\t\t\t\t\t\t\t\t\t\t\t\t\t\t\t\t\t\t\t\t\t\t\t\t\t\t\t\t\t\t\t<li class=\"active\"><a href=\"https:\/\/www.elettricon.com\/index.php\/automazione-tapparelle-smart-e-garage\/\">Automazione Tapparelle Smart e Garage<\/a><\/li>\n\t\t\t\t\t\t\t\t\t\t\t\n\t\t\t\t\t\t\t\t\t\t\t\t\t\t\t\t\t\t\t\t\t\t\t\t\t\t\t\t\t\t\t\t\t\t\t\t\t\t\t\t\t\t\t\t<li class=\"active\"><a href=\"https:\/\/www.elettricon.com\/index.php\/installazione-pannelli-fotovoltaici\/\">Pannelli Fotovoltaici<\/a><\/li>\n\t\t\t\t\t\t\t\t\t\t\t\n\t\t\t\t\t\t\t\t\t\t\t\t\t\t\t\t\t\t\t\t\t\t\t\t\t\t\t\t\t\t\t\t\t\t\t\t\t\t\t\t\t\t\t\t<li class=\"active\"><a href=\"https:\/\/www.elettricon.com\/index.php\/installazione-lampadari-e-faretti\/\">Installazione Lampadari e faretti<\/a><\/li>\n\t\t\t\t\t\t\t\t\t\t\t\n\t\t\t\t\t\t\t\t\t\t\t\t\t\t\t\t\t\t\t\t\t\t\t\t\t\t\t\t\t\t\t\t\t\t\t\t\t\t\t\t\t\t\t\t<li class=\"active\"><a href=\"https:\/\/www.elettricon.com\/index.php\/antenne-e-parabole\/\">Antenne e Parabole<\/a><\/li>\n\t\t\t\t\t\t\t\t\t\t\t\n\t\t\t\t\t\t\t\t\t\t\t\t\t\t\t\t\t\t\t\t\t\t\t\t\t\t\t\t\t\t\t\t\t\n                                        <\/ul>\n                                    <\/div>\n                                <\/li>\n                            <\/ul>\n                        <\/div>\n                    <\/div>\n                <\/div>\n            <\/div>\n        <\/section>\n\t\t\n\t\t\t\t\t\t<\/div>\n\t\t\t\t<\/div>\n\t\t\t\t\t<\/div>\n\t\t<\/div>\n\t\t\t\t<div class=\"elementor-column elementor-col-66 elementor-top-column elementor-element elementor-element-58c945e5\" data-id=\"58c945e5\" data-element_type=\"column\" data-e-type=\"column\">\n\t\t\t<div class=\"elementor-widget-wrap elementor-element-populated\">\n\t\t\t\t\t\t<div class=\"elementor-element elementor-element-ec03681 elementor-widget elementor-widget-easton_service_details\" data-id=\"ec03681\" data-element_type=\"widget\" data-e-type=\"widget\" data-widget_type=\"easton_service_details.default\">\n\t\t\t\t<div class=\"elementor-widget-container\">\n\t\t\t\t\t\t\t\n        <section class=\"service-details p_relative two\">\n            <div class=\"auto-container\">\n                <div class=\"row clearfix\">\n                    <div class=\"col-lg-12 col-md-12 col-sm-12 content-side\">\n                        <div class=\"service-details-content\">\n                            <div class=\"content-one p_relative d_block\">\n                                <figure class=\"image-box\">\n\t\t\t\t\t\t\t\t\t   \n\t\t\t\t\t\t\t\t\t<img decoding=\"async\" src=\"https:\/\/elettricon.com\/wp-content\/uploads\/2022\/09\/landscape1.jpg\" alt=\"\"\/>\n\t\t\t\t\t\t\t\t\t\t\t\t\t\t\t\t\t<\/figure>\n                                <div class=\"text\">\n                                    <h3>Installazioni Elettriche<\/h3>\n                                    <p>Il servizio di installazioni elettriche offre la progettazione, l'installazione e la messa in funzione di impianti elettrici sicuri ed efficienti. Gli elettricisti professionisti si occupano di cablaggio, collegamenti, dispositivi di protezione e di tutti gli elementi necessari per garantire il corretto funzionamento del sistema elettrico. Questo servizio comprende l'installazione di punti luce, prese di corrente, interruttori, quadri elettrici, nonch\u00e9 la connessione di apparecchiature elettroniche. Le installazioni elettriche vengono eseguite in conformit\u00e0 alle normative di sicurezza, garantendo un'efficace distribuzione dell'elettricit\u00e0 e una corretta protezione contro sovraccarichi e cortocircuiti.<\/p>\n                                    <p><\/p>\n                                <\/div>\n                                <div class=\"row clearfix\">\n                                    <div class=\"col-lg-6 col-md-6 col-sm-12 list-column\">\n                                        <ul class=\"list-style-one clearfix\">\n\t\t\t\t\t\t\t\t\t\t\n\t\t\t\t\t\t\t\t\t\t\t\t\t\t\t\t\t\t\t\t\t\n                                            <li>Certificazione Impianti<\/li>\n\t\t\t\t\t\t\t\t\t\t\t\n\t\t\t\t\t\t\t\t\t\t\t\t\t\t\t\t\t\t\t\t\t\t\n                                        <\/ul>\n                                    <\/div>\n                                    <div class=\"col-lg-6 col-md-6 col-sm-12 list-column\">\n                                        <ul class=\"list-style-one clearfix\">\n\t\t\t\t\t\t\t\t\t\t\n\t\t\t\t\t\t\t\t\t\t\t\t\t\t\t\t\t\t\t\t\t\n                                            <li>Preventivi gratuiti<\/li>\n\t\t\t\t\t\t\t\t\t\t\t\n\t\t\t\t\t\t\t\t\t\t\t\t\t\t\t\t\t\t\t\t\t\t\n                                        <\/ul>\n                                    <\/div>\n                                <\/div>\n                            <\/div>\n                            <div class=\"content-two p_relative d_block\">\n                                <div class=\"row clearfix\">\n                                    <div class=\"col-lg-6 col-md-6 col-sm-12 image-column\">\n                                        <figure class=\"image-box\">\n\t\t\t\t\t\t\t\t\t\t\t   \n\t\t\t\t\t\t\t\t\t\t\t<img decoding=\"async\" src=\"https:\/\/elettricon.com\/wp-content\/uploads\/2022\/09\/light-service3.jpg\" alt=\"\"\/>\n\t\t\t\t\t\t\t\t\t\t\t\t\t\t\t\t\t\t\t\t\t<\/figure>\n                                    <\/div>\n                                    <div class=\"col-lg-6 col-md-6 col-sm-12 image-column\">\n                                        <figure class=\"image-box\">\n\t\t\t\t\t\t\t\t\t\t\t   \n\t\t\t\t\t\t\t\t\t\t\t<img decoding=\"async\" src=\"https:\/\/elettricon.com\/wp-content\/uploads\/2022\/09\/light-service2.jpg\" alt=\"\"\/>\n\t\t\t\t\t\t\t\t\t\t\t\t\t\t\t\t\t\t\t\t\t<\/figure>\n                                    <\/div>\n                                <\/div>\n                            <\/div>\n                        <\/div>\n                    <\/div>\n                <\/div>\n            <\/div>\n        <\/section>\n             \n\t\t\t\t\t\t<\/div>\n\t\t\t\t<\/div>\n\t\t\t\t<div class=\"elementor-element elementor-element-4e07a56c elementor-widget__width-initial elementor-widget elementor-widget-easton_service_details2\" data-id=\"4e07a56c\" data-element_type=\"widget\" data-e-type=\"widget\" data-widget_type=\"easton_service_details2.default\">\n\t\t\t\t<div class=\"elementor-widget-container\">\n\t\t\t\t\t\t\t\n        <section class=\"service-details p_relative three\">\n            <div class=\"auto-container\">\n                <div class=\"row clearfix\">\n                    <div class=\"col-lg-12 col-md-12 col-sm-12 content-side\">\n                        <div class=\"service-details-content\">\n                            <div class=\"content-three\">\n                                <h3><\/h3>\n                                <p>Quando si tratta di impianti elettrici, affidarsi a professionisti esperti \u00e8 fondamentale per garantire un ambiente sicuro ed efficiente. Il servizio di installazioni elettriche offre una vasta gamma di soluzioni personalizzate per soddisfare le tue esigenze specifiche. <\/p>\n                                <p>In questo articolo, esploreremo 10 esempi di come un'installazione elettrica professionale pu\u00f2 migliorare la tua casa o ufficio.\n<\/p>\n                                <ul class=\"list-style-one clearfix\">\n\t\t\t\t\t\t\t\t\n\t\t\t\t\t\t\t\t\t\t\t\t\t\t\t\t\t\n                                    <li>Illuminazione a LED: <br>L'installazione di un sistema di illuminazione a LED ti consente di risparmiare energia elettrica e godere di una luce brillante e duratura in tutta la tua casa. Dalle luci a incasso alle strisce LED, le possibilit\u00e0 sono infinite.<\/li>\n\t\t\t\t\t\t\t\t\t\n\t\t\t\t\t\t\t\t\t\t\t\t\t\t\t\t\t\n                                    <li>Prese e interruttori intelligenti:<br> Grazie alle installazioni elettriche moderne, puoi controllare le tue prese e gli interruttori tramite smartphone o assistenti vocali, rendendo la tua casa o ufficio pi\u00f9 smart e comodamente gestibile.<\/li>\n\t\t\t\t\t\t\t\t\t\n\t\t\t\t\t\t\t\t\t\t\t\t\t\t\t\t\t\n                                    <li>Sistemi di sicurezza:<br> Un'installazione elettrica professionale comprende anche la creazione di un sistema di sicurezza completo, come telecamere di sorveglianza, allarmi antintrusione e rilevatori di fumo, garantendo la tranquillit\u00e0 e la protezione dei tuoi spazi.<\/li>\n\t\t\t\t\t\t\t\t\t\n\t\t\t\t\t\t\t\t\t\t\t\t\t\t\t\t\t\n                                    <li>Cablaggio strutturato:<br> Per un ambiente di lavoro efficiente, l'installazione di un sistema di cablaggio strutturato semplifica la gestione dei cavi e facilita la connessione di dispositivi elettronici in rete.<\/li>\n\t\t\t\t\t\t\t\t\t\n\t\t\t\t\t\t\t\t\t\t\t\t\t\t\t\t\t\n                                    <li>Installazione di punti di ricarica per veicoli elettrici: <br>Se possiedi un veicolo elettrico, un'installazione elettrica adeguata pu\u00f2 fornirti punti di ricarica convenienti e sicuri nel tuo garage o parcheggio.<\/li>\n\t\t\t\t\t\t\t\t\t\n\t\t\t\t\t\t\t\t\t\t\t\t\t\t\t\t\t\n                                    <li>Impianti audio e video: <br>Con l'aiuto di un'installazione elettrica professionale, puoi creare un sistema audio e video coinvolgente nella tua casa o ufficio, con altoparlanti integrati, schermi TV e proiettori.<\/li>\n\t\t\t\t\t\t\t\t\t\n\t\t\t\t\t\t\t\t\t\t\t\t\t\t\t\t\t\n                                    <li>Automazione domestica:<br> L'installazione di sistemi di automazione domestica ti permette di controllare l'illuminazione, gli elettrodomestici, il riscaldamento e altro ancora con facilit\u00e0, offrendo comodit\u00e0 e risparmio energetico.<\/li>\n\t\t\t\t\t\t\t\t\t\n\t\t\t\t\t\t\t\t\t\t\t\t\t\t\t\t\t\n                                    <li>Impianti elettrici per spazi esterni: <br>Un'installazione elettrica adeguata per il giardino o il patio include l'illuminazione esterna, prese elettriche protette dalle intemperie e sistemi di irrigazione automatizzati.<\/li>\n\t\t\t\t\t\t\t\t\t\n\t\t\t\t\t\t\t\t\t\t\t\t\t\t\t\t\t\n                                    <li>IRinnovamento di impianti obsoleti:<br> Se hai una casa o un ufficio con impianti elettrici vecchi, un'installazione elettrica professionale pu\u00f2 rinnovare completamente il tuo sistema, sostituendo cavi, interruttori e quadri elettrici obsoleti.<\/li>\n\t\t\t\t\t\t\t\t\t\n\t\t\t\t\t\t\t\t\t\t\t\t\t\t\t\t\t\n                                    <li>Progettazione personalizzata<\/li>\n\t\t\t\t\t\t\t\t\t\n\t\t\t\t\t\t\t\t\t\t\t\t\t\t\t\t\t\t\n                                <\/ul>\n\t\t\t\t\t\t\t\t                                <div class=\"btn-box\"><a href=\"https:\/\/www.elettricon.com\/index.php\/appuntamenti\/\" class=\"theme-btn btn-one\">Get The Service<\/a><\/div>\n\t\t\t\t\t\t\t\t                            <\/div>\n                        <\/div>\n                    <\/div>\n                <\/div>\n            <\/div>\n        <\/section>\n             \n\t\t\t\t\t\t<\/div>\n\t\t\t\t<\/div>\n\t\t\t\t\t<\/div>\n\t\t<\/div>\n\t\t\t\t\t<\/div>\n\t\t<\/section>\n\t\t\t\t<\/div>\n\t\t","protected":false},"excerpt":{"rendered":"<p>I Nostri Servizi Impianti Elettrici Installazioni Elettriche Sistemi Antifurto Videosorveglianza Citofoni e Videocitofoni automazioni per cancelli Automazione Tapparelle Smart e Garage Pannelli Fotovoltaici Installazione Lampadari e faretti Antenne e Parabole Installazioni Elettriche Il servizio di installazioni elettriche offre la progettazione, l&#8217;installazione e la messa in funzione di impianti elettrici sicuri ed efficienti. Gli elettricisti professionisti [&hellip;]<\/p>\n","protected":false},"author":1,"featured_media":0,"parent":0,"menu_order":0,"comment_status":"closed","ping_status":"closed","template":"tpl-default-elementor.php","meta":{"footnotes":""},"class_list":["post-551","page","type-page","status-publish","hentry"],"yoast_head":"<!-- This site is optimized with the Yoast SEO plugin v26.9 - https:\/\/yoast.com\/product\/yoast-seo-wordpress\/ -->\n<title>Installazioni Elettriche - elettricon.com<\/title>\n<meta name=\"robots\" content=\"index, follow, max-snippet:-1, max-image-preview:large, max-video-preview:-1\" \/>\n<link rel=\"canonical\" href=\"https:\/\/elettricon.com\/index.php\/installazioni-elettriche\/\" \/>\n<meta property=\"og:locale\" content=\"it_IT\" \/>\n<meta property=\"og:type\" content=\"article\" \/>\n<meta property=\"og:title\" content=\"Installazioni Elettriche - elettricon.com\" \/>\n<meta property=\"og:description\" content=\"I Nostri Servizi Impianti Elettrici Installazioni Elettriche Sistemi Antifurto Videosorveglianza Citofoni e Videocitofoni automazioni per cancelli Automazione Tapparelle Smart e Garage Pannelli Fotovoltaici Installazione Lampadari e faretti Antenne e Parabole Installazioni Elettriche Il servizio di installazioni elettriche offre la progettazione, l&#8217;installazione e la messa in funzione di impianti elettrici sicuri ed efficienti. Gli elettricisti professionisti [&hellip;]\" \/>\n<meta property=\"og:url\" content=\"https:\/\/elettricon.com\/index.php\/installazioni-elettriche\/\" \/>\n<meta property=\"og:site_name\" content=\"elettricon.com\" \/>\n<meta property=\"article:modified_time\" content=\"2024-01-01T15:18:07+00:00\" \/>\n<meta property=\"og:image\" content=\"https:\/\/www.elettricon.com\/wp-content\/uploads\/2022\/09\/landscape1.jpg\" \/>\n<meta name=\"twitter:card\" content=\"summary_large_image\" \/>\n<meta name=\"twitter:label1\" content=\"Tempo di lettura stimato\" \/>\n\t<meta name=\"twitter:data1\" content=\"2 minuti\" \/>\n<script type=\"application\/ld+json\" class=\"yoast-schema-graph\">{\"@context\":\"https:\/\/schema.org\",\"@graph\":[{\"@type\":\"WebPage\",\"@id\":\"https:\/\/elettricon.com\/index.php\/installazioni-elettriche\/\",\"url\":\"https:\/\/elettricon.com\/index.php\/installazioni-elettriche\/\",\"name\":\"Installazioni Elettriche - elettricon.com\",\"isPartOf\":{\"@id\":\"https:\/\/elettricon.com\/#website\"},\"primaryImageOfPage\":{\"@id\":\"https:\/\/elettricon.com\/index.php\/installazioni-elettriche\/#primaryimage\"},\"image\":{\"@id\":\"https:\/\/elettricon.com\/index.php\/installazioni-elettriche\/#primaryimage\"},\"thumbnailUrl\":\"https:\/\/www.elettricon.com\/wp-content\/uploads\/2022\/09\/landscape1.jpg\",\"datePublished\":\"2022-04-26T01:57:31+00:00\",\"dateModified\":\"2024-01-01T15:18:07+00:00\",\"breadcrumb\":{\"@id\":\"https:\/\/elettricon.com\/index.php\/installazioni-elettriche\/#breadcrumb\"},\"inLanguage\":\"it-IT\",\"potentialAction\":[{\"@type\":\"ReadAction\",\"target\":[\"https:\/\/elettricon.com\/index.php\/installazioni-elettriche\/\"]}]},{\"@type\":\"ImageObject\",\"inLanguage\":\"it-IT\",\"@id\":\"https:\/\/elettricon.com\/index.php\/installazioni-elettriche\/#primaryimage\",\"url\":\"https:\/\/www.elettricon.com\/wp-content\/uploads\/2022\/09\/landscape1.jpg\",\"contentUrl\":\"https:\/\/www.elettricon.com\/wp-content\/uploads\/2022\/09\/landscape1.jpg\"},{\"@type\":\"BreadcrumbList\",\"@id\":\"https:\/\/elettricon.com\/index.php\/installazioni-elettriche\/#breadcrumb\",\"itemListElement\":[{\"@type\":\"ListItem\",\"position\":1,\"name\":\"Home\",\"item\":\"https:\/\/elettricon.com\/\"},{\"@type\":\"ListItem\",\"position\":2,\"name\":\"Installazioni Elettriche\"}]},{\"@type\":\"WebSite\",\"@id\":\"https:\/\/elettricon.com\/#website\",\"url\":\"https:\/\/elettricon.com\/\",\"name\":\"elettricon.com\",\"description\":\"Ditta impianti elettrici, antifutri, videosorveglianza, domotica a Palermo\",\"publisher\":{\"@id\":\"https:\/\/elettricon.com\/#organization\"},\"alternateName\":\"Elettricon Impianti Elettrici a Palermo\",\"potentialAction\":[{\"@type\":\"SearchAction\",\"target\":{\"@type\":\"EntryPoint\",\"urlTemplate\":\"https:\/\/elettricon.com\/?s={search_term_string}\"},\"query-input\":{\"@type\":\"PropertyValueSpecification\",\"valueRequired\":true,\"valueName\":\"search_term_string\"}}],\"inLanguage\":\"it-IT\"},{\"@type\":\"Organization\",\"@id\":\"https:\/\/elettricon.com\/#organization\",\"name\":\"elettricon Impianti elettrici a Palermo\",\"url\":\"https:\/\/elettricon.com\/\",\"logo\":{\"@type\":\"ImageObject\",\"inLanguage\":\"it-IT\",\"@id\":\"https:\/\/elettricon.com\/#\/schema\/logo\/image\/\",\"url\":\"https:\/\/elettricon.com\/wp-content\/uploads\/2023\/10\/cropped-Logo-Elettricon-v2.jpg\",\"contentUrl\":\"https:\/\/elettricon.com\/wp-content\/uploads\/2023\/10\/cropped-Logo-Elettricon-v2.jpg\",\"width\":364,\"height\":250,\"caption\":\"elettricon Impianti elettrici a Palermo\"},\"image\":{\"@id\":\"https:\/\/elettricon.com\/#\/schema\/logo\/image\/\"}}]}<\/script>\n<!-- \/ Yoast SEO plugin. -->","yoast_head_json":{"title":"Installazioni Elettriche - elettricon.com","robots":{"index":"index","follow":"follow","max-snippet":"max-snippet:-1","max-image-preview":"max-image-preview:large","max-video-preview":"max-video-preview:-1"},"canonical":"https:\/\/elettricon.com\/index.php\/installazioni-elettriche\/","og_locale":"it_IT","og_type":"article","og_title":"Installazioni Elettriche - elettricon.com","og_description":"I Nostri Servizi Impianti Elettrici Installazioni Elettriche Sistemi Antifurto Videosorveglianza Citofoni e Videocitofoni automazioni per cancelli Automazione Tapparelle Smart e Garage Pannelli Fotovoltaici Installazione Lampadari e faretti Antenne e Parabole Installazioni Elettriche Il servizio di installazioni elettriche offre la progettazione, l&#8217;installazione e la messa in funzione di impianti elettrici sicuri ed efficienti. Gli elettricisti professionisti [&hellip;]","og_url":"https:\/\/elettricon.com\/index.php\/installazioni-elettriche\/","og_site_name":"elettricon.com","article_modified_time":"2024-01-01T15:18:07+00:00","og_image":[{"url":"https:\/\/www.elettricon.com\/wp-content\/uploads\/2022\/09\/landscape1.jpg","type":"","width":"","height":""}],"twitter_card":"summary_large_image","twitter_misc":{"Tempo di lettura stimato":"2 minuti"},"schema":{"@context":"https:\/\/schema.org","@graph":[{"@type":"WebPage","@id":"https:\/\/elettricon.com\/index.php\/installazioni-elettriche\/","url":"https:\/\/elettricon.com\/index.php\/installazioni-elettriche\/","name":"Installazioni Elettriche - elettricon.com","isPartOf":{"@id":"https:\/\/elettricon.com\/#website"},"primaryImageOfPage":{"@id":"https:\/\/elettricon.com\/index.php\/installazioni-elettriche\/#primaryimage"},"image":{"@id":"https:\/\/elettricon.com\/index.php\/installazioni-elettriche\/#primaryimage"},"thumbnailUrl":"https:\/\/www.elettricon.com\/wp-content\/uploads\/2022\/09\/landscape1.jpg","datePublished":"2022-04-26T01:57:31+00:00","dateModified":"2024-01-01T15:18:07+00:00","breadcrumb":{"@id":"https:\/\/elettricon.com\/index.php\/installazioni-elettriche\/#breadcrumb"},"inLanguage":"it-IT","potentialAction":[{"@type":"ReadAction","target":["https:\/\/elettricon.com\/index.php\/installazioni-elettriche\/"]}]},{"@type":"ImageObject","inLanguage":"it-IT","@id":"https:\/\/elettricon.com\/index.php\/installazioni-elettriche\/#primaryimage","url":"https:\/\/www.elettricon.com\/wp-content\/uploads\/2022\/09\/landscape1.jpg","contentUrl":"https:\/\/www.elettricon.com\/wp-content\/uploads\/2022\/09\/landscape1.jpg"},{"@type":"BreadcrumbList","@id":"https:\/\/elettricon.com\/index.php\/installazioni-elettriche\/#breadcrumb","itemListElement":[{"@type":"ListItem","position":1,"name":"Home","item":"https:\/\/elettricon.com\/"},{"@type":"ListItem","position":2,"name":"Installazioni Elettriche"}]},{"@type":"WebSite","@id":"https:\/\/elettricon.com\/#website","url":"https:\/\/elettricon.com\/","name":"elettricon.com","description":"Ditta impianti elettrici, antifutri, videosorveglianza, domotica a Palermo","publisher":{"@id":"https:\/\/elettricon.com\/#organization"},"alternateName":"Elettricon Impianti Elettrici a Palermo","potentialAction":[{"@type":"SearchAction","target":{"@type":"EntryPoint","urlTemplate":"https:\/\/elettricon.com\/?s={search_term_string}"},"query-input":{"@type":"PropertyValueSpecification","valueRequired":true,"valueName":"search_term_string"}}],"inLanguage":"it-IT"},{"@type":"Organization","@id":"https:\/\/elettricon.com\/#organization","name":"elettricon Impianti elettrici a Palermo","url":"https:\/\/elettricon.com\/","logo":{"@type":"ImageObject","inLanguage":"it-IT","@id":"https:\/\/elettricon.com\/#\/schema\/logo\/image\/","url":"https:\/\/elettricon.com\/wp-content\/uploads\/2023\/10\/cropped-Logo-Elettricon-v2.jpg","contentUrl":"https:\/\/elettricon.com\/wp-content\/uploads\/2023\/10\/cropped-Logo-Elettricon-v2.jpg","width":364,"height":250,"caption":"elettricon Impianti elettrici a Palermo"},"image":{"@id":"https:\/\/elettricon.com\/#\/schema\/logo\/image\/"}}]}},"_links":{"self":[{"href":"https:\/\/elettricon.com\/index.php\/wp-json\/wp\/v2\/pages\/551","targetHints":{"allow":["GET"]}}],"collection":[{"href":"https:\/\/elettricon.com\/index.php\/wp-json\/wp\/v2\/pages"}],"about":[{"href":"https:\/\/elettricon.com\/index.php\/wp-json\/wp\/v2\/types\/page"}],"author":[{"embeddable":true,"href":"https:\/\/elettricon.com\/index.php\/wp-json\/wp\/v2\/users\/1"}],"replies":[{"embeddable":true,"href":"https:\/\/elettricon.com\/index.php\/wp-json\/wp\/v2\/comments?post=551"}],"version-history":[{"count":41,"href":"https:\/\/elettricon.com\/index.php\/wp-json\/wp\/v2\/pages\/551\/revisions"}],"predecessor-version":[{"id":4792,"href":"https:\/\/elettricon.com\/index.php\/wp-json\/wp\/v2\/pages\/551\/revisions\/4792"}],"wp:attachment":[{"href":"https:\/\/elettricon.com\/index.php\/wp-json\/wp\/v2\/media?parent=551"}],"curies":[{"name":"wp","href":"https:\/\/api.w.org\/{rel}","templated":true}]}}