{"id":836,"date":"2022-04-27T06:33:45","date_gmt":"2022-04-27T04:33:45","guid":{"rendered":"http:\/\/ftpdemo.com\/easton\/?page_id=836"},"modified":"2024-01-01T16:04:07","modified_gmt":"2024-01-01T15:04:07","slug":"ispezione-di-sicurezza","status":"publish","type":"page","link":"https:\/\/elettricon.com\/index.php\/ispezione-di-sicurezza\/","title":{"rendered":"Ispezione di sicurezza"},"content":{"rendered":"\t\t<div data-elementor-type=\"wp-page\" data-elementor-id=\"836\" class=\"elementor elementor-836\">\n\t\t\t\t\t\t<section class=\"elementor-section elementor-top-section elementor-element elementor-element-7f5108d8 elementor-section-stretched elementor-section-boxed elementor-section-height-default elementor-section-height-default\" data-id=\"7f5108d8\" data-element_type=\"section\" data-e-type=\"section\" data-settings=\"{&quot;stretch_section&quot;:&quot;section-stretched&quot;}\">\n\t\t\t\t\t\t<div class=\"elementor-container elementor-column-gap-no\">\n\t\t\t\t\t<div class=\"elementor-column elementor-col-33 elementor-top-column elementor-element elementor-element-7804b5d3\" data-id=\"7804b5d3\" data-element_type=\"column\" data-e-type=\"column\">\n\t\t\t<div class=\"elementor-widget-wrap elementor-element-populated\">\n\t\t\t\t\t\t<div class=\"elementor-element elementor-element-238ef9ba elementor-widget elementor-widget-easton_project_details\" data-id=\"238ef9ba\" data-element_type=\"widget\" data-e-type=\"widget\" data-widget_type=\"easton_project_details.default\">\n\t\t\t\t<div class=\"elementor-widget-container\">\n\t\t\t\t\t\t\t\n        <section class=\"project-details p_relative one\">\n            <div class=\"auto-container\">\n                <div class=\"row clearfix\">\n                    <div class=\"col-lg-12 col-md-12 col-sm-12 sidebar-side\">\n                        <div class=\"project-sidebar mr_20\">\n\t\t\t\t\t\t\t                            <div class=\"text\">\n                                <h3>Ispezione di sicurezza<\/h3>\n                                <p><\/p>\n                            <\/div>\n\t\t\t\t\t\t\t                            <ul class=\"project-info clearfix\">\n\t\t\t\t\t\t\t\n\t\t\t\t\t\t\t\t\t\t\t\t\t\t\t\n                                <li><\/li>\n\t\t\t\t\t\t\t\t\n\t\t\t\t\t\t\t\t\t\t\t\t\t\t\t\t\n\t\t\t\t\t\t\t\t<li class=\"social-links\">\n\t\t\t\t\t\t\t\t\n\t\t\t\t\t\t\t\t<span>Social:<\/span>\n\t\t\t\t\t\t\t\t\n\t\t\t\t\t\t\t\t\t\t\t\t\t\t\t\t\n\t\t\t\t\t\t\t\t<a href=\"#\"><i class=\"fab fab fa-facebook-f\"><\/i><\/a>\n\t\t\t\t\t\t\t\t\n\t\t\t\t\t\t\t\t\t\t\t\t\t\t\t\t\n\t\t\t\t\t\t\t\t<a href=\"#\"><i class=\"fab fab fa-twitter\"><\/i><\/a>\n\t\t\t\t\t\t\t\t\n\t\t\t\t\t\t\t\t\t\t\t\t\t\t\t\t\n\t\t\t\t\t\t\t\t<a href=\"#\"><i class=\"fab fab fa-pinterest-p\"><\/i><\/a>\n\t\t\t\t\t\t\t\t\n\t\t\t\t\t\t\t\t\t\t\t\t\t\t\t\t\n\t\t\t\t\t\t\t\t<a href=\"#\"><i class=\"fab fab fa-linkedin-in\"><\/i><\/a>\n\t\t\t\t\t\t\t\t\n\t\t\t\t\t\t\t\t\t\t\t\t\t\t\t\t\n\t\t\t\t\t\t\t\t<\/li>\n\t\t\t\t\t\t\t\t\n                            <\/ul>\n                        <\/div>\n                    <\/div>\n                <\/div>\n            <\/div>\n        <\/section>\n             \n\t\t\t\t\t\t<\/div>\n\t\t\t\t<\/div>\n\t\t\t\t<div class=\"elementor-element elementor-element-f621460 elementor-widget elementor-widget-opklim_blog_grid\" data-id=\"f621460\" data-element_type=\"widget\" data-e-type=\"widget\" data-widget_type=\"opklim_blog_grid.default\">\n\t\t\t\t<div class=\"elementor-widget-container\">\n\t\t\t\t\t\n        <section class=\"news-section alternat-2 blog-grid p_relative \">\n            <div class=\"auto-container\">\n                <div class=\"row clearfix\">\n\t\t\t\t\n\t\t\t\t\t\t\t\t\t\n                    <div class=\"col-lg-12 col-md-6 col-sm-12 news-block\">\n                        <div class=\"news-block-one wow fadeInUp animated\" data-wow-delay=\"00ms\" data-wow-duration=\"1500ms\">\n                            <div class=\"inner-box p_relative d_block\">\n                                <figure class=\"image-box\">\n                                    <a href=\"https:\/\/elettricon.com\/index.php\/2024\/01\/07\/10-modi-per-risparmiare-energia-elettrica\/\">\n\t\t\t\t\t\t\t\t\t\t<img decoding=\"async\" width=\"600\" height=\"373\" src=\"https:\/\/elettricon.com\/wp-content\/uploads\/2024\/01\/earth-Lampadina.jpg\" class=\"attachment-post-thumbnail size-post-thumbnail wp-post-image\" alt=\"Impianti elettrici a Palermo ed in sicilia\" srcset=\"https:\/\/elettricon.com\/wp-content\/uploads\/2024\/01\/earth-Lampadina.jpg 600w, https:\/\/elettricon.com\/wp-content\/uploads\/2024\/01\/earth-Lampadina-300x187.jpg 300w\" sizes=\"(max-width: 600px) 100vw, 600px\" \/>\t\t\t\t\t\t\t\t\t<\/a>\n                                    <div class=\"category\"><a href=\"https:\/\/elettricon.com\/index.php\/2024\/01\/07\/\">7 Gennaio 2024<\/a><\/div>\n                                <\/figure>\n                                <div class=\"lower-content p_relative d_block\">\n                                    <h3><a href=\"https:\/\/elettricon.com\/index.php\/2024\/01\/07\/10-modi-per-risparmiare-energia-elettrica\/\">Come risparmiare energia Electrica 10 Strategie Efficaci per Risparmiare Energia Elettrica<\/a><\/h3>\n                                    <ul class=\"post-info clearfix\">\n\t\t\t\t\t\t\t\t\t\n                                        <li><i class=\"icon-43\"><\/i><a href=\"https:\/\/elettricon.com\/index.php\/author\/seldonwebgmail-com\/\">Admin<\/a><\/li>\n\t\t\t\t\t\t\t\t\t\t\n\t\t\t\t\t\t\t\t\t\t<li><i class=\"far fa-comment-dots\"><\/i>Nessun commento<\/li>\n\t\t\t\t\t\t\t\t\t\t\n                                    <\/ul>\n                                    <p>10 Strategie Efficaci per ...<\/p>\n\t\t\t\t\t\t\t\t\t                                    <div class=\"link\"><a href=\"https:\/\/elettricon.com\/index.php\/2024\/01\/07\/10-modi-per-risparmiare-energia-elettrica\/\">Read More<i class=\"icon-7\"><\/i><\/a><\/div>\n\t\t\t\t\t\t\t\t\t                                <\/div>\n                            <\/div>\n                        <\/div>\n                    <\/div>\n\t\t\t\t\t\n\t\t\t\t\t\t\t\t\t\n                    <div class=\"col-lg-12 col-md-6 col-sm-12 news-block\">\n                        <div class=\"news-block-one wow fadeInUp animated\" data-wow-delay=\"00ms\" data-wow-duration=\"1500ms\">\n                            <div class=\"inner-box p_relative d_block\">\n                                <figure class=\"image-box\">\n                                    <a href=\"https:\/\/elettricon.com\/index.php\/2023\/08\/25\/installare-lilluminazione-ambientale-esterna-e-aumentare-il-valore-una-scelta-intelligente\/\">\n\t\t\t\t\t\t\t\t\t\t<img loading=\"lazy\" decoding=\"async\" width=\"640\" height=\"480\" src=\"https:\/\/elettricon.com\/wp-content\/uploads\/2023\/08\/night.jpg\" class=\"attachment-post-thumbnail size-post-thumbnail wp-post-image\" alt=\"Impianto illuminazione esterna Palerm\" srcset=\"https:\/\/elettricon.com\/wp-content\/uploads\/2023\/08\/night.jpg 640w, https:\/\/elettricon.com\/wp-content\/uploads\/2023\/08\/night-300x225.jpg 300w, https:\/\/elettricon.com\/wp-content\/uploads\/2023\/08\/night-600x450.jpg 600w\" sizes=\"(max-width: 640px) 100vw, 640px\" \/>\t\t\t\t\t\t\t\t\t<\/a>\n                                    <div class=\"category\"><a href=\"https:\/\/elettricon.com\/index.php\/2023\/08\/25\/\">25 Agosto 2023<\/a><\/div>\n                                <\/figure>\n                                <div class=\"lower-content p_relative d_block\">\n                                    <h3><a href=\"https:\/\/elettricon.com\/index.php\/2023\/08\/25\/installare-lilluminazione-ambientale-esterna-e-aumentare-il-valore-una-scelta-intelligente\/\">Installare L&#8217;Illuminazione Ambientale Esterna e Aumentare il Valore: Una Scelta Intelligente<\/a><\/h3>\n                                    <ul class=\"post-info clearfix\">\n\t\t\t\t\t\t\t\t\t\n                                        <li><i class=\"icon-43\"><\/i><a href=\"https:\/\/elettricon.com\/index.php\/author\/seldonwebgmail-com\/\">Admin<\/a><\/li>\n\t\t\t\t\t\t\t\t\t\t\n\t\t\t\t\t\t\t\t\t\t<li><i class=\"far fa-comment-dots\"><\/i>Nessun commento<\/li>\n\t\t\t\t\t\t\t\t\t\t\n                                    <\/ul>\n                                    <p>Installare L&#8216;illuminazione Ambientale Esterna ...<\/p>\n\t\t\t\t\t\t\t\t\t                                    <div class=\"link\"><a href=\"https:\/\/elettricon.com\/index.php\/2023\/08\/25\/installare-lilluminazione-ambientale-esterna-e-aumentare-il-valore-una-scelta-intelligente\/\">Read More<i class=\"icon-7\"><\/i><\/a><\/div>\n\t\t\t\t\t\t\t\t\t                                <\/div>\n                            <\/div>\n                        <\/div>\n                    <\/div>\n\t\t\t\t\t\n\t\t\t\t\t\t\t\t\t\t\n                <\/div>\n\t\t\t\t\n\t\t\t\t\t\t\t\t\n            <\/div>\n        <\/section>\n\t\t\n        \t\t\t\t<\/div>\n\t\t\t\t<\/div>\n\t\t\t\t\t<\/div>\n\t\t<\/div>\n\t\t\t\t<div class=\"elementor-column elementor-col-66 elementor-top-column elementor-element elementor-element-2a59bfef\" data-id=\"2a59bfef\" data-element_type=\"column\" data-e-type=\"column\">\n\t\t\t<div class=\"elementor-widget-wrap elementor-element-populated\">\n\t\t\t\t\t\t<div class=\"elementor-element elementor-element-5400dc79 elementor-widget elementor-widget-easton_project_details1\" data-id=\"5400dc79\" data-element_type=\"widget\" data-e-type=\"widget\" data-widget_type=\"easton_project_details1.default\">\n\t\t\t\t<div class=\"elementor-widget-container\">\n\t\t\t\t\t\t\t\n        <section class=\"project-details p_relative two\">\n            <div class=\"auto-container\">\n                <div class=\"row clearfix\">\n                    <div class=\"col-lg-12 col-md-12 col-sm-12 content-side\">\n                        <div class=\"project-details-content ml_50\">\n                            <div class=\"content-one\">\n                                <figure class=\"image-box\">\n\t\t\t\t\t\t\t\t\t   \n\t\t\t\t\t\t\t\t\t<img decoding=\"async\" src=\"https:\/\/elettricon.com\/wp-content\/uploads\/2022\/09\/power-service1.jpg\" alt=\"\"\/>\n\t\t\t\t\t\t\t\t\t\t\t\t\t\t\t\t\t<\/figure>\n                                <div class=\"text\">\n                                    <h3>Punti chiave dell'Ispezione di Sicurezza<\/h3>\n                                    <p>Una delle cose pi\u00f9 importanti da fare per mantenere la nostra casa al sicuro dalle minacce elettriche \u00e8 far valutare il cablaggio elettrico. Non vogliamo mettere in pericolo la vita dei nostri cari o lasciare che gli incendi elettrici rovinino la nostra propriet\u00e0. Di conseguenza, la sicurezza elettrica della tua casa dovrebbe essere una priorit\u00e0 primaria.<\/p>\n                                    <p><\/p>\n                                <\/div>\n                            <\/div>\n                            <div class=\"content-two\">\n                                <div class=\"image-box\">\n                                    <div class=\"row clearfix\">\n                                        <div class=\"col-lg-6 col-md-6 col-sm-12 image-column\">\n                                            <figure class=\"image\">\n\t\t\t\t\t\t\t\t\t\t\t\t   \n\t\t\t\t\t\t\t\t\t\t\t\t<img decoding=\"async\" src=\"https:\/\/elettricon.com\/wp-content\/uploads\/2022\/04\/8.jpg\" alt=\"\"\/>\n\t\t\t\t\t\t\t\t\t\t\t\t\t\t\t\t\t\t\t\t\t\t\t<\/figure>\n                                        <\/div>\n                                        <div class=\"col-lg-6 col-md-6 col-sm-12 image-column\">\n                                            <figure class=\"image\">\n\t\t\t\t\t\t\t\t\t\t\t\t   \n\t\t\t\t\t\t\t\t\t\t\t\t<img decoding=\"async\" src=\"https:\/\/elettricon.com\/wp-content\/uploads\/2022\/04\/5.jpg\" alt=\"\"\/>\n\t\t\t\t\t\t\t\t\t\t\t\t\t\t\t\t\t\t\t\t\t\t\t<\/figure>\n                                        <\/div>\n                                    <\/div>\n                                <\/div>\n                            <\/div>\n                        <\/div>\n                    <\/div>\n                <\/div>\n            <\/div>\n        <\/section>\n             \n\t\t\t\t\t\t<\/div>\n\t\t\t\t<\/div>\n\t\t\t\t<div class=\"elementor-element elementor-element-280c683 elementor-widget elementor-widget-easton_project_details2\" data-id=\"280c683\" data-element_type=\"widget\" data-e-type=\"widget\" data-widget_type=\"easton_project_details2.default\">\n\t\t\t\t<div class=\"elementor-widget-container\">\n\t\t\t\t\t\t\t\n        <section class=\"project-details p_relative three\">\n            <div class=\"auto-container\">\n                <div class=\"row clearfix\">\n                    <div class=\"col-lg-12 col-md-12 col-sm-12 content-side\">\n                        <div class=\"project-details-content ml_50\">\n                            <div class=\"content-two\">\n                                <div class=\"text\">\n                                    <h3>Task Keypoints<\/h3>\n                                    <p>Un esame approfondito della sicurezza elettrica:\ndeterminer\u00e0 eventuali cablaggi elettrici o parti che potrebbero essere invecchiati male, identificher\u00e0 eventuali circuiti elettrici sovraccarichi, identificher\u00e0 eventuali carenze di messa a terra, trover\u00e0 eventuali cablaggi difettosi o altri errori commessi da elettricisti senza licenza o proprietari di case fai-da-te, individuare fusibili o interruttori di grandi dimensioni che potrebbero comportare un rischio di incendio a causa della corrente elettrica, cercare eventuali pericoli di scosse elettriche.\n\nQuindi, ecco la lista di controllo per l'ispezione della sicurezza elettrica domestica:<\/p>\n                                    <p>Quindi, ecco la lista di controllo per l'ispezione della sicurezza elettrica domestica:<\/p>\n                                    <ul class=\"list-style-one clearfix\">\n\t\t\t\t\t\t\t\t\t\n\t\t\t\t\t\t\t\t\t\t\t\t\t\t\t\t\t\t\t\n                                        <li>Le lampade ed i lampadari sono tutti funzionali, e sicuri<\/li>\n\t\t\t\t\t\t\t\t\t\t\n\t\t\t\t\t\t\t\t\t\t\t\t\t\t\t\t\t\t\t\n                                        <li>Gli elettrodomestici sono installati correttamente.<\/li>\n\t\t\t\t\t\t\t\t\t\t\n\t\t\t\t\t\t\t\t\t\t\t\t\t\t\t\t\t\t\t\n                                        <li>Tutti gli interruttori automatici e differenziali, sono in buone condizioni, e funzionant.<\/li>\n\t\t\t\t\t\t\t\t\t\t\n\t\t\t\t\t\t\t\t\t\t\t\t\t\t\t\t\t\t\t\n                                        <li>E' presente Un adeguato sistema di messa a terra.<\/li>\n\t\t\t\t\t\t\t\t\t\t\n\t\t\t\t\t\t\t\t\t\t\t\t\t\t\t\t\t\t\t\t\n                                    <\/ul>\n                                    <p><\/p>\n                                <\/div>\n                            <\/div>\n                        <\/div>\n                    <\/div>\n                <\/div>\n            <\/div>\n        <\/section>\n             \n\t\t\t\t\t\t<\/div>\n\t\t\t\t<\/div>\n\t\t\t\t\t<\/div>\n\t\t<\/div>\n\t\t\t\t\t<\/div>\n\t\t<\/section>\n\t\t\t\t<\/div>\n\t\t","protected":false},"excerpt":{"rendered":"<p>Ispezione di sicurezza Social: 25 Agosto 2023 Installare L&#8217;Illuminazione Ambientale Esterna e Aumentare il Valore: Una Scelta Intelligente Admin Nessun commento Installare L&#8216;illuminazione Ambientale Esterna e Aumentare il Valore: Una Scelta Intelligente L&#8217;illuminazione del paesaggio non \u00e8 solo un modo per aggiungere bellezza al tuo spazio esterno, ma pu\u00f2 anche avere un impatto significativo sul [&hellip;]<\/p>\n","protected":false},"author":1,"featured_media":0,"parent":0,"menu_order":0,"comment_status":"closed","ping_status":"closed","template":"tpl-default-elementor.php","meta":{"footnotes":""},"class_list":["post-836","page","type-page","status-publish","hentry"],"yoast_head":"<!-- This site is optimized with the Yoast SEO plugin v26.9 - https:\/\/yoast.com\/product\/yoast-seo-wordpress\/ -->\n<title>Ispezione di sicurezza - elettricon.com<\/title>\n<meta name=\"robots\" content=\"index, follow, max-snippet:-1, max-image-preview:large, max-video-preview:-1\" \/>\n<link rel=\"canonical\" href=\"https:\/\/elettricon.com\/index.php\/ispezione-di-sicurezza\/\" \/>\n<meta property=\"og:locale\" content=\"it_IT\" \/>\n<meta property=\"og:type\" content=\"article\" \/>\n<meta property=\"og:title\" content=\"Ispezione di sicurezza - elettricon.com\" \/>\n<meta property=\"og:description\" content=\"Ispezione di sicurezza Social: 25 Agosto 2023 Installare L&#8217;Illuminazione Ambientale Esterna e Aumentare il Valore: Una Scelta Intelligente Admin Nessun commento Installare L&#8216;illuminazione Ambientale Esterna e Aumentare il Valore: Una Scelta Intelligente L&#8217;illuminazione del paesaggio non \u00e8 solo un modo per aggiungere bellezza al tuo spazio esterno, ma pu\u00f2 anche avere un impatto significativo sul [&hellip;]\" \/>\n<meta property=\"og:url\" content=\"https:\/\/elettricon.com\/index.php\/ispezione-di-sicurezza\/\" \/>\n<meta property=\"og:site_name\" content=\"elettricon.com\" \/>\n<meta property=\"article:modified_time\" content=\"2024-01-01T15:04:07+00:00\" \/>\n<meta property=\"og:image\" content=\"https:\/\/www.elettricon.com\/wp-content\/uploads\/2023\/08\/night.jpg\" \/>\n<meta name=\"twitter:card\" content=\"summary_large_image\" \/>\n<meta name=\"twitter:label1\" content=\"Tempo di lettura stimato\" \/>\n\t<meta name=\"twitter:data1\" content=\"2 minuti\" \/>\n<script type=\"application\/ld+json\" class=\"yoast-schema-graph\">{\"@context\":\"https:\/\/schema.org\",\"@graph\":[{\"@type\":\"WebPage\",\"@id\":\"https:\/\/elettricon.com\/index.php\/ispezione-di-sicurezza\/\",\"url\":\"https:\/\/elettricon.com\/index.php\/ispezione-di-sicurezza\/\",\"name\":\"Ispezione di sicurezza - elettricon.com\",\"isPartOf\":{\"@id\":\"https:\/\/elettricon.com\/#website\"},\"primaryImageOfPage\":{\"@id\":\"https:\/\/elettricon.com\/index.php\/ispezione-di-sicurezza\/#primaryimage\"},\"image\":{\"@id\":\"https:\/\/elettricon.com\/index.php\/ispezione-di-sicurezza\/#primaryimage\"},\"thumbnailUrl\":\"https:\/\/www.elettricon.com\/wp-content\/uploads\/2023\/08\/night.jpg\",\"datePublished\":\"2022-04-27T04:33:45+00:00\",\"dateModified\":\"2024-01-01T15:04:07+00:00\",\"breadcrumb\":{\"@id\":\"https:\/\/elettricon.com\/index.php\/ispezione-di-sicurezza\/#breadcrumb\"},\"inLanguage\":\"it-IT\",\"potentialAction\":[{\"@type\":\"ReadAction\",\"target\":[\"https:\/\/elettricon.com\/index.php\/ispezione-di-sicurezza\/\"]}]},{\"@type\":\"ImageObject\",\"inLanguage\":\"it-IT\",\"@id\":\"https:\/\/elettricon.com\/index.php\/ispezione-di-sicurezza\/#primaryimage\",\"url\":\"https:\/\/www.elettricon.com\/wp-content\/uploads\/2023\/08\/night.jpg\",\"contentUrl\":\"https:\/\/www.elettricon.com\/wp-content\/uploads\/2023\/08\/night.jpg\"},{\"@type\":\"BreadcrumbList\",\"@id\":\"https:\/\/elettricon.com\/index.php\/ispezione-di-sicurezza\/#breadcrumb\",\"itemListElement\":[{\"@type\":\"ListItem\",\"position\":1,\"name\":\"Home\",\"item\":\"https:\/\/elettricon.com\/\"},{\"@type\":\"ListItem\",\"position\":2,\"name\":\"Ispezione di sicurezza\"}]},{\"@type\":\"WebSite\",\"@id\":\"https:\/\/elettricon.com\/#website\",\"url\":\"https:\/\/elettricon.com\/\",\"name\":\"elettricon.com\",\"description\":\"Ditta impianti elettrici, antifutri, videosorveglianza, domotica a Palermo\",\"publisher\":{\"@id\":\"https:\/\/elettricon.com\/#organization\"},\"alternateName\":\"Elettricon Impianti Elettrici a Palermo\",\"potentialAction\":[{\"@type\":\"SearchAction\",\"target\":{\"@type\":\"EntryPoint\",\"urlTemplate\":\"https:\/\/elettricon.com\/?s={search_term_string}\"},\"query-input\":{\"@type\":\"PropertyValueSpecification\",\"valueRequired\":true,\"valueName\":\"search_term_string\"}}],\"inLanguage\":\"it-IT\"},{\"@type\":\"Organization\",\"@id\":\"https:\/\/elettricon.com\/#organization\",\"name\":\"elettricon Impianti elettrici a Palermo\",\"url\":\"https:\/\/elettricon.com\/\",\"logo\":{\"@type\":\"ImageObject\",\"inLanguage\":\"it-IT\",\"@id\":\"https:\/\/elettricon.com\/#\/schema\/logo\/image\/\",\"url\":\"https:\/\/elettricon.com\/wp-content\/uploads\/2023\/10\/cropped-Logo-Elettricon-v2.jpg\",\"contentUrl\":\"https:\/\/elettricon.com\/wp-content\/uploads\/2023\/10\/cropped-Logo-Elettricon-v2.jpg\",\"width\":364,\"height\":250,\"caption\":\"elettricon Impianti elettrici a Palermo\"},\"image\":{\"@id\":\"https:\/\/elettricon.com\/#\/schema\/logo\/image\/\"}}]}<\/script>\n<!-- \/ Yoast SEO plugin. -->","yoast_head_json":{"title":"Ispezione di sicurezza - elettricon.com","robots":{"index":"index","follow":"follow","max-snippet":"max-snippet:-1","max-image-preview":"max-image-preview:large","max-video-preview":"max-video-preview:-1"},"canonical":"https:\/\/elettricon.com\/index.php\/ispezione-di-sicurezza\/","og_locale":"it_IT","og_type":"article","og_title":"Ispezione di sicurezza - elettricon.com","og_description":"Ispezione di sicurezza Social: 25 Agosto 2023 Installare L&#8217;Illuminazione Ambientale Esterna e Aumentare il Valore: Una Scelta Intelligente Admin Nessun commento Installare L&#8216;illuminazione Ambientale Esterna e Aumentare il Valore: Una Scelta Intelligente L&#8217;illuminazione del paesaggio non \u00e8 solo un modo per aggiungere bellezza al tuo spazio esterno, ma pu\u00f2 anche avere un impatto significativo sul [&hellip;]","og_url":"https:\/\/elettricon.com\/index.php\/ispezione-di-sicurezza\/","og_site_name":"elettricon.com","article_modified_time":"2024-01-01T15:04:07+00:00","og_image":[{"url":"https:\/\/www.elettricon.com\/wp-content\/uploads\/2023\/08\/night.jpg","type":"","width":"","height":""}],"twitter_card":"summary_large_image","twitter_misc":{"Tempo di lettura stimato":"2 minuti"},"schema":{"@context":"https:\/\/schema.org","@graph":[{"@type":"WebPage","@id":"https:\/\/elettricon.com\/index.php\/ispezione-di-sicurezza\/","url":"https:\/\/elettricon.com\/index.php\/ispezione-di-sicurezza\/","name":"Ispezione di sicurezza - elettricon.com","isPartOf":{"@id":"https:\/\/elettricon.com\/#website"},"primaryImageOfPage":{"@id":"https:\/\/elettricon.com\/index.php\/ispezione-di-sicurezza\/#primaryimage"},"image":{"@id":"https:\/\/elettricon.com\/index.php\/ispezione-di-sicurezza\/#primaryimage"},"thumbnailUrl":"https:\/\/www.elettricon.com\/wp-content\/uploads\/2023\/08\/night.jpg","datePublished":"2022-04-27T04:33:45+00:00","dateModified":"2024-01-01T15:04:07+00:00","breadcrumb":{"@id":"https:\/\/elettricon.com\/index.php\/ispezione-di-sicurezza\/#breadcrumb"},"inLanguage":"it-IT","potentialAction":[{"@type":"ReadAction","target":["https:\/\/elettricon.com\/index.php\/ispezione-di-sicurezza\/"]}]},{"@type":"ImageObject","inLanguage":"it-IT","@id":"https:\/\/elettricon.com\/index.php\/ispezione-di-sicurezza\/#primaryimage","url":"https:\/\/www.elettricon.com\/wp-content\/uploads\/2023\/08\/night.jpg","contentUrl":"https:\/\/www.elettricon.com\/wp-content\/uploads\/2023\/08\/night.jpg"},{"@type":"BreadcrumbList","@id":"https:\/\/elettricon.com\/index.php\/ispezione-di-sicurezza\/#breadcrumb","itemListElement":[{"@type":"ListItem","position":1,"name":"Home","item":"https:\/\/elettricon.com\/"},{"@type":"ListItem","position":2,"name":"Ispezione di sicurezza"}]},{"@type":"WebSite","@id":"https:\/\/elettricon.com\/#website","url":"https:\/\/elettricon.com\/","name":"elettricon.com","description":"Ditta impianti elettrici, antifutri, videosorveglianza, domotica a Palermo","publisher":{"@id":"https:\/\/elettricon.com\/#organization"},"alternateName":"Elettricon Impianti Elettrici a Palermo","potentialAction":[{"@type":"SearchAction","target":{"@type":"EntryPoint","urlTemplate":"https:\/\/elettricon.com\/?s={search_term_string}"},"query-input":{"@type":"PropertyValueSpecification","valueRequired":true,"valueName":"search_term_string"}}],"inLanguage":"it-IT"},{"@type":"Organization","@id":"https:\/\/elettricon.com\/#organization","name":"elettricon Impianti elettrici a Palermo","url":"https:\/\/elettricon.com\/","logo":{"@type":"ImageObject","inLanguage":"it-IT","@id":"https:\/\/elettricon.com\/#\/schema\/logo\/image\/","url":"https:\/\/elettricon.com\/wp-content\/uploads\/2023\/10\/cropped-Logo-Elettricon-v2.jpg","contentUrl":"https:\/\/elettricon.com\/wp-content\/uploads\/2023\/10\/cropped-Logo-Elettricon-v2.jpg","width":364,"height":250,"caption":"elettricon Impianti elettrici a Palermo"},"image":{"@id":"https:\/\/elettricon.com\/#\/schema\/logo\/image\/"}}]}},"_links":{"self":[{"href":"https:\/\/elettricon.com\/index.php\/wp-json\/wp\/v2\/pages\/836","targetHints":{"allow":["GET"]}}],"collection":[{"href":"https:\/\/elettricon.com\/index.php\/wp-json\/wp\/v2\/pages"}],"about":[{"href":"https:\/\/elettricon.com\/index.php\/wp-json\/wp\/v2\/types\/page"}],"author":[{"embeddable":true,"href":"https:\/\/elettricon.com\/index.php\/wp-json\/wp\/v2\/users\/1"}],"replies":[{"embeddable":true,"href":"https:\/\/elettricon.com\/index.php\/wp-json\/wp\/v2\/comments?post=836"}],"version-history":[{"count":21,"href":"https:\/\/elettricon.com\/index.php\/wp-json\/wp\/v2\/pages\/836\/revisions"}],"predecessor-version":[{"id":4774,"href":"https:\/\/elettricon.com\/index.php\/wp-json\/wp\/v2\/pages\/836\/revisions\/4774"}],"wp:attachment":[{"href":"https:\/\/elettricon.com\/index.php\/wp-json\/wp\/v2\/media?parent=836"}],"curies":[{"name":"wp","href":"https:\/\/api.w.org\/{rel}","templated":true}]}}